{"id":6463,"date":"2019-11-16T17:40:14","date_gmt":"2019-11-16T15:40:14","guid":{"rendered":"https:\/\/www.sze.si\/?page_id=6463"},"modified":"2021-06-26T08:24:22","modified_gmt":"2021-06-26T06:24:22","slug":"programme-at-a-glance-2021","status":"publish","type":"page","link":"https:\/\/www.sze.si\/en\/programme-at-a-glance-2021\/","title":{"rendered":"Programme at a glance"},"content":{"rendered":"<div class=\"fusion-fullwidth fullwidth-box fusion-builder-row-1 nonhundred-percent-fullwidth non-hundred-percent-height-scrolling\" style=\"--awb-border-radius-top-left:0px;--awb-border-radius-top-right:0px;--awb-border-radius-bottom-right:0px;--awb-border-radius-bottom-left:0px;--awb-flex-wrap:wrap;\" ><div class=\"fusion-builder-row fusion-row\"><div class=\"fusion-layout-column fusion_builder_column fusion-builder-column-0 fusion_builder_column_1_1 1_1 fusion-one-full fusion-column-first fusion-column-last\" style=\"--awb-bg-size:cover;--awb-margin-bottom:0px;\"><div class=\"fusion-column-wrapper fusion-flex-column-wrapper-legacy\"><div class=\"fusion-text fusion-text-1\"><p style=\"text-align: center\"><span style=\"font-size: 18pt;color: #0066b3\"><strong>Programme of the International Conference of SZE 2021<\/strong><\/span><\/p>\n<p style=\"text-align: center\"><span style=\"font-size: 18pt;color: #0066b3\"><strong>Slovenia, 28 to 29 Jun 2021<\/strong><\/span><\/p>\n<p style=\"text-align: center\"><span style=\"font-size: 18pt;color: #0066b3\"><strong>Energy Supply and Use in Smart Buildings and Homes<\/strong><\/span><\/p>\n<p><span style=\"color: #0066b3;font-size: 18pt\"><strong><u>PROGRAMME<\/u><\/strong><\/span><\/p>\n<p><strong><u><span style=\"color: #0066b3;font-size: 18pt\">Monday, 28 Jun 2021<\/span> <\/u><\/strong><\/p>\n<p><strong>09.00-10.00 Registration<\/strong><\/p>\n<p><strong><br \/>\n<u><span style=\"color: #0066b3\">10.00-10.15 Opening of the conference and welcome address &#8211; moderator Mrs. Branka Bo\u017ei\u010d<\/span><br \/>\n<\/u><\/strong><strong>Matej Gajzer, <\/strong>Managing Director, TECES<strong><br \/>\nAlojz Poredo\u0161, <\/strong>President, Slovenian Energy Association<\/p>\n<p><strong><br \/>\n<\/strong><span style=\"color: #0066b3\"><strong><u>10.30- 11.00 Plenary lectures<\/u><\/strong><\/span><\/p>\n<ul>\n<li><strong>Christian Zinglersen, Director ACER<\/strong><\/li>\n<li><strong>Du\u0161ka Godina, <\/strong><strong>Director of the Energy Agency<\/strong><\/li>\n<li><strong>Ivan \u0160mon, President of WEC<\/strong><\/li>\n<li><strong>Annam\u00e1ria N\u00e1dor, Geological and Geophysical Institute of Hungary <\/strong><\/li>\n<li><strong>Andrej Kitanovski, University of Ljubljana, Faculty of Mechanical Engineering<\/strong><\/li>\n<\/ul>\n<p><strong>\u00a0<\/strong><\/p>\n<p><span style=\"font-family: georgia, palatino, serif\"><strong><span style=\"text-decoration: underline\"><span style=\"color: #0066b3;text-decoration: underline\">11.00-12.45 Introductory lecture in a panel discussion: Energy Supply and Use in Smart Buildings and Homes\u00a0with DHC+ \/ Euroheat &amp; Power acting on behalf of the RHC-ETIP<\/span><\/span><\/strong><\/span><\/p>\n<p><strong>Moderator: Mateja Panjan and Andrej Kitanovski<\/strong><\/p>\n<p><strong>Participants:<\/strong><\/p>\n<p><strong>&#8211; Paul Voss, director of Euroheat &amp; Power<br \/>\n<\/strong><strong>&#8211; Ralf Roman Schmidt, AIT (Austrian Institute of Technology) and RHC platform<br \/>\n<\/strong><strong>&#8211; Milan Jungi\u010d, Danfoss<br \/>\n<\/strong><strong>&#8211; Robert \u0160ipec, Ministry of Defence, Slovenia<br \/>\n<\/strong><strong>&#8211; Gorazd \u0160tumberger, Faculty of Electrical Engineering and Computer Science, University of Maribor<br \/>\n<\/strong><strong>&#8211; Friderik Knez, Slovenian national building and civil engineering institute<\/strong><\/p>\n<p><strong>\u00a0<\/strong><\/p>\n<p><strong><span style=\"text-decoration: underline\"><span style=\"color: #0066b3;text-decoration: underline\">12.45-13.00 Presentation of the golden sponsor<\/span><\/span><br \/>\n<\/strong><\/p>\n<p><strong>13.00-14.00\u00a0Lunch<\/strong><\/p>\n<p><span style=\"font-size: 18pt\"><strong><u>Sessions<\/u><\/strong><\/span><\/p>\n<p><strong>14.00- 16.00 Parallel sessions<\/strong><\/p>\n<p><span style=\"font-size: 14pt;color: #0066b3\"><strong><u>SECTION\u00a01A &#8211; CHP based on renewable and alternative energy sources, energy supply \u00a0<\/u><\/strong><\/span><\/p>\n<ol>\n<li><strong>IEA DHC ANNEX TS3 &#8211; District heating and cooling networks in an integrated energy system<br \/>\n<\/strong>Ralf-Roman Schmidt, AIT Austrian Institute of Technology GmbH, Austria<\/li>\n<li><strong>Fuel cells and their impact on the grid<br \/>\n<\/strong>Darko Vidinikj, Iskratel<\/li>\n<li><strong>RESHUB NETWORK: A sustainable energy project<br \/>\n<\/strong>Col. Robert \u0160ipec, Ministry of Defence of the Republic of Slovenia<\/li>\n<li><strong>Using hydrothermal and shallow geothermal energy in the Maribor district heating system<\/strong><br \/>\nDamir Stani\u010di\u0107, Jure \u010ci\u017eman, Marko Matkovi\u010d, Stane Mer\u0161e, Jo\u017eef Stefan Institute, EEC; Joerg Prestor, Janja Svetina, Geological Survey of Slovenia; Miran Ro\u017eman, Ljubo Germi\u010d, Energetika Maribor, Slovenia<\/li>\n<li><span style=\"font-family: georgia, palatino, serif;font-size: 12pt\"><strong>Most efficient simultaneous heating, cooling and domestic hot water solutions for lodging facilities<br \/>\n<\/strong>Dean Besednjak, Bogdan Kronov\u0161ek, Luka Rednak, KRONOTERM d.o.o., Slovenia<\/span><\/li>\n<li><span style=\"font-family: georgia, palatino, serif;font-size: 12pt\"><strong>Who will be the winners in energy\u2019s future, electricity and heat markets or final consumers?<br \/>\n<\/strong>Amer Karabegovi\u0107, Danfoss Trata d.o.o., Slovenia<\/span><\/li>\n<\/ol>\n<p><span style=\"font-size: 14pt;color: #0066b3\"><strong><u>SECTION 1B \u2013\u00a0District heating and cooling: Development trends, digitalisation <\/u><\/strong><\/span><\/p>\n<ol>\n<li><strong>Conceptual design of the application of local solar heating in the conversion of district heating using a modern two-functional substation based on the Belgrade demo site example within the related project<br \/>\n<\/strong>Ljubi\u0161a Vladi\u0107, Milo\u0161 Vuja\u0161evi\u0107, Radmilo Savi\u0107 \u2013 PUC Beogradske elektrane, Serbia<br \/>\nMatteo Caramaschi, Kasper Korsholm \u00d8stergaard, Torben Schifter Holm \u2013 Metro Therm, Denmark<\/li>\n<li><strong>Development of a prediction system for heat load forecasting in district heating systems<br \/>\n<\/strong>Primo\u017e Poto\u010dnik, Edvard Govekar, University of Ljubljana, Faculty of Mechanical Engineering, Slovenia<strong>, <\/strong>Primo\u017e \u0160kerl,.Energetika Ljubljana d.o.o., Slovenia<\/li>\n<li><strong>The how and why temperature diiference \u00a0optimisation in district heating<br \/>\n<\/strong>Jan Oro\u017e, Sandro Terzi\u0107, Danfoss Trata d.o.o., Slovenia<\/li>\n<li><strong>Implementation challenges of modernisation projects within the existing scada system for the district heating system of Belgrade<br \/>\n<\/strong>Tatjana Nu\u0161i\u0107, Dubravka Jovan\u010di\u0107, Petar Vasiljevi\u0107, Belgrade, Serbia<\/li>\n<li><strong>Using digital technology in the \u0160ale\u0161ka valley heat distribution system<br \/>\n<\/strong>Rok Miklav\u017eina, Komunalno podjetje Velenje, d.o.o, Slovenia<\/li>\n<li><strong>The future of customer service in DH<\/strong><br \/>\nMartha Kovacs,\u00a0Szombathelyi T\u00e1vh\u0151szolg\u00e1ltat\u00f3 Kft. Hungary<\/li>\n<\/ol>\n<p><strong>16.00-16.30 Break<\/strong><\/p>\n<p><strong>16.30 -18.10 Parallel sessions<\/strong><\/p>\n<p><span style=\"font-size: 14pt;color: #0066b3\"><strong><u>SECTION 2A \u2013 <\/u><\/strong><strong><u>Storage and buildings<\/u><\/strong><\/span><\/p>\n<ol>\n<li><strong>New large-scale thermal energy storage in greater Copenhagen, Denmark<\/strong><br \/>\nLars Gullev, CEO \u2013 VEKS, Denmark<\/li>\n<li><strong>Smart, energy efficient reduction of legionella risk in domestic hot water systems<br \/>\n<\/strong>Peter Me\u017ea, Danfoss Trata d.o.o., Slovenia<\/li>\n<li><strong>Latent energy storage in buildings<br \/>\n<\/strong>Ur\u0161ka Mlakar, Faculty of Mechanical Engineering, Ljubljana, Slovenia<\/li>\n<li><strong>Example of good practice for nearly zero-energy buildings<br \/>\n<\/strong>Simon Muhi\u010d, INOVEKS d.o.o., SIMUTEH s.p. and Faculty of Mechanical Engineering, University of Novo mesto, Slovenia; Matej Dulc, DULC d.o.o., Slovenia<\/li>\n<li><strong>Energy rehabilitation, heating, ventilation and cooling in existing and new buildings<br \/>\n<\/strong>Bla\u017e Sobo\u010dan, Lendava Bilingual Secondary School, Elektromehanika Ou\u010dek, Slovenia<\/li>\n<\/ol>\n<p><strong>\u00a0<\/strong><span style=\"font-size: 14pt;color: #0066b3\"><strong><u>SECTION 2B \u2013 <\/u><\/strong><strong><u>Gas supply: A solution for transition to a low-carbon society<\/u><\/strong><\/span><\/p>\n<ol>\n<li><strong>Implications of the European green deal for the gas industry<br \/>\n<\/strong>Marko Iler\u0161i\u010d, Plinovodi d.o.o., Slovenia<\/li>\n<li><strong>Micro-CHP with waste biomass gasification: a solution for electrical network with heat pumps<br \/>\n<\/strong>Peter Novak, Simon Muhi\u010d, Faculty of Mechanical Engineering, University of Novo mesto; Marjan Kej\u017ear, Rikema, Michail Fricovsky, Artim, Slovenia<\/li>\n<li><strong>Start-up and operation of the forecasting system of non-daily measured consumption<br \/>\n<\/strong>Marko \u0160irovnik, PLINOVODI d.o.o., Slovenia<\/li>\n<li><strong>Presentation of the ENTSOG 2050 Roadmap for Gas Grids<br \/>\n<\/strong>Jo\u0161t \u0160trukelj, Plinovodi d.o.o., Slovenia<\/li>\n<li><strong>OPERH2 \u2013 A solution for flexible energy management in the glass industry <\/strong>Toma\u017e Buh, Solvera Lynx d.o.o., Slovenia<\/li>\n<\/ol>\n<p><strong>20.00 Gala dinner<\/strong><\/p>\n<p><strong>\u00a0<\/strong><\/p>\n<p><span style=\"font-size: 18pt;color: #0066b3\"><strong>\u00a0<\/strong><strong><u>Tuesday 29 Jun 2021<\/u><\/strong><\/span><\/p>\n<p><strong>9.00-11.00 Parallel sessions<\/strong><\/p>\n<p><span style=\"font-size: 14pt;color: #0066b3\"><strong><u>SECTION 3A \u2013 <\/u><\/strong><strong><u>Heating, cooling and ventilation in buildings<\/u><\/strong><\/span><\/p>\n<ol>\n<li><strong>Energy saving based on EU regulations: Axial fans<br \/>\n<\/strong>Oleg Bondarenko, Fabian Schmelz, Andreas Schaffhauser, ruck Ventilatoren GmbH, Germany<\/li>\n<li><strong>Results of heat pump testing in real operating conditions<br \/>\n<\/strong>Vladimir Soldo, Luka Boban, Iva Bertovi\u0107, University of Zagreb, Croatia<\/li>\n<li><strong>Modern ceiling ventilation systems for large kitchens<br \/>\n<\/strong>Janez Kova\u010d Myint, Ivan \u0160ekerija, AL-KO THERM d.o.o., Slovenia<\/li>\n<li><strong>Improving the energy efficiency of an air-to-water heat pump using a glycol heat exchanger<br \/>\n<\/strong>Primo\u017e Poredo\u0161, University of Ljubljana, Faculty of Mechanical Engineering<br \/>\nFranc Marovt, Kronoterm d.o.o., Andrej Kitanovski, University of Ljubljana, Faculty of Mechanical Engineering, Alojz Poredo\u0161, Slovenian Energy Association, Slovenia<\/li>\n<\/ol>\n<p><span style=\"font-size: 14pt;color: #0066b3\"><strong><u>SECTION 3B \u2013\u00a0<\/u><\/strong><strong><u>District heating and cooling: Development trends, digitalisation<\/u><\/strong><\/span><\/p>\n<ol>\n<li><strong>How to prevent oscillations: New digital solutions that optimised the Giessen network in minutes<br \/>\n<\/strong>Andrej Farazin, Sa\u0161a Koji\u0107, Andre Kunigk, Danfoss<\/li>\n<li><strong>4th vs 5th generation district heating<br \/>\n<\/strong>Oddgeir Gudmundsson, Jan Eric Thorsen and Marek Brand<strong>, <\/strong>Danfoss A\/S, Heating Segment \u2013 Nordborg &#8211; DK, Application Center, Denmark<\/li>\n<li><strong>Improving district energy network efficiency with new underground technologies<br \/>\n<\/strong>Andrea Sichna, Vexve Oy, Finland<\/li>\n<li><strong>Heating and cooling plans: decarbonisation through district energy &amp; sector integration<br \/>\n<\/strong>Susanne Tull, Senior Manager Public Affairs, Danfoss<\/li>\n<li><strong>Using heat pumps in district heating systems<br \/>\n<\/strong>Dean Besednjak, Bogdan Kronov\u0161ek, Luka Rednak, KRONOTERM d.o.o., Slovenia<\/li>\n<\/ol>\n<p><strong>11.00-11.30 Break<\/strong><\/p>\n<p><strong>11.30 -13.30 Parallel sessions<\/strong><\/p>\n<p><span style=\"font-size: 14pt;color: #0066b3\"><strong><u>SECTION 4A \u2013 Theoretical background and energy supply for industry<\/u><\/strong><\/span><\/p>\n<ol>\n<li><strong>Improvement of thermal storage systems in residential building retrofit<br \/>\n<\/strong>Rok Ko\u017eelj, Rok Stropnik, Peter Kolar, Eva Zavrl, Damjan Klob\u010dar, Uro\u0161 Stritih; University of Ljubljana, Faculty of Mechanical Engineering, Slovenia<\/li>\n<li><strong>Simple tool for determining the pipe arrangement in the skin condenser for household refrigerators<br \/>\n<\/strong>Anja Kuhelj, Jasmina Simoni\u010d, Stefano Dall\u2019Olio, Katja Klinar, Nada Petelin, Andrej Kitanovski, Faculty of Mechanical Engineering University of Ljubljana<strong>, <\/strong>Jure Mencinger, Dejan Dren, Vlado Ba\u010d, Gorenje, Velenje, Slovenia<\/li>\n<li><strong>Experimental and numerical investigation of sewage sludge drying time<br \/>\n<\/strong>Timi Gomboc, Matej Zadravec, Jurij Ilja\u017e, Matja\u017e Hriber\u0161ek, Process and Environmental Engineering, Faculty of Mechanical Engineering, University of Maribor, Slovenia<\/li>\n<li><strong>Improving the energy efficiency of a heat pump dryer using the environmentally friendly refrigerant R450A<br \/>\n<\/strong>Pero Gatari\u0107, Gorenje d.o.o., Slovenia<strong>, <\/strong>Primo\u017e Poredo\u0161, Andrej Kitanovski, University of Ljubljana, Faculty of Mechanical Engineering, Slovenia<\/li>\n<li><strong>Upgrading district heating systems: Obstacles, opportunities and support mechanisms<br \/>\n<\/strong>Jure \u010ci\u017eman, Stane Mer\u0161e, Jo\u017eef Stefan Institute, Energy Efficiency Centre, Slovenia<\/li>\n<\/ol>\n<p><span style=\"font-size: 14pt;color: #0066b3\"><strong><u>SECTION 4B \u2013 Energy storage and smart buildings, sustainable energy solutions of the future <\/u><\/strong><\/span><\/p>\n<ol>\n<li><strong>From energy efficient buildings to smart cities \u2013 the European research project POCITYF<br \/>\n<\/strong>Sabina Jordan, PhD, Slovenian National Building and Civil Engineering Institute, Slovenia<\/li>\n<li><strong>Controllers at the service of energy management in smart buildings<br \/>\n<\/strong>Igor GODEC, Director, PROF.EL d.o.o., Slovenia<\/li>\n<li><strong>Hand in hand: modular construction and high energy efficiency<br \/>\n<\/strong>David Mo\u010dnik, Matej Mo\u017eina, Marko Ho\u010devar, REM d.o.o., Slovenia<\/li>\n<li><strong>Energy efficient refurbishment using energy performance contracting<\/strong> (EPC)<br \/>\nTilen Smolnikar, Milan \u0160turm, Petrol d. d., Ljubljana, Slovenia<\/li>\n<li><strong>Heat pump technology application in the agricultural production process<br \/>\n<\/strong>Dean Besednjak, Bogdan Kronov\u0161ek, Luka Rednak, KRONOTERM d.o.o., Slovenia<\/li>\n<li><strong>Experience with using boosters for dhw circulation in multi-family apartment buildings<br \/>\n<\/strong>Jan Eric Thorsen, Director Danfoss Heating Segment Application Centre Oddgeir Gudmundsson, Marek Brand Danfoss A\/S, Nordborgvej 81, DK-6430 Nordborg, Denmark<\/li>\n<\/ol>\n<p><strong>13.30<\/strong><strong>\u00a0\u00a0Conference Closing<\/strong><\/p>\n<h3><\/h3>\n<\/div><div class=\"fusion-clearfix\"><\/div><\/div><\/div><\/div><\/div>\n","protected":false},"excerpt":{"rendered":"","protected":false},"author":1,"featured_media":0,"parent":0,"menu_order":0,"comment_status":"closed","ping_status":"open","template":"","meta":{"_monsterinsights_skip_tracking":false,"_monsterinsights_sitenote_active":false,"_monsterinsights_sitenote_note":"","_monsterinsights_sitenote_category":0,"footnotes":""},"class_list":["post-6463","page","type-page","status-publish","hentry"],"yoast_head":"<!-- This site is optimized with the Yoast SEO plugin v27.3 - https:\/\/yoast.com\/product\/yoast-seo-wordpress\/ -->\n<title>Programme at a glance - Slovenian Energy Association<\/title>\n<meta name=\"description\" content=\"Programme at a glance includes: Setting up of exhibition booths, SEA general assembly, Reception, Registration, Welcome address, Main panel, parallel ...\" \/>\n<meta name=\"robots\" content=\"index, follow, max-snippet:-1, max-image-preview:large, max-video-preview:-1\" \/>\n<link rel=\"canonical\" href=\"https:\/\/www.sze.si\/en\/programme-at-a-glance-2021\/\" \/>\n<meta property=\"og:locale\" content=\"en_US\" \/>\n<meta property=\"og:type\" content=\"article\" \/>\n<meta property=\"og:title\" content=\"Programme at a glance - Slovenian Energy Association\" \/>\n<meta property=\"og:description\" content=\"Programme at a glance includes: Setting up of exhibition booths, SEA general assembly, Reception, Registration, Welcome address, Main panel, parallel ...\" \/>\n<meta property=\"og:url\" content=\"https:\/\/www.sze.si\/en\/programme-at-a-glance-2021\/\" \/>\n<meta property=\"og:site_name\" content=\"Slovenian Energy Association\" \/>\n<meta property=\"article:modified_time\" content=\"2021-06-26T06:24:22+00:00\" \/>\n<meta name=\"twitter:card\" content=\"summary_large_image\" \/>\n<meta name=\"twitter:label1\" content=\"Est. reading time\" \/>\n\t<meta name=\"twitter:data1\" content=\"6 minutes\" \/>\n<script type=\"application\/ld+json\" class=\"yoast-schema-graph\">{\"@context\":\"https:\\\/\\\/schema.org\",\"@graph\":[{\"@type\":\"WebPage\",\"@id\":\"https:\\\/\\\/www.sze.si\\\/en\\\/programme-at-a-glance-2021\\\/\",\"url\":\"https:\\\/\\\/www.sze.si\\\/en\\\/programme-at-a-glance-2021\\\/\",\"name\":\"Programme at a glance - Slovenian Energy Association\",\"isPartOf\":{\"@id\":\"https:\\\/\\\/www.sze.si\\\/en\\\/#website\"},\"datePublished\":\"2019-11-16T15:40:14+00:00\",\"dateModified\":\"2021-06-26T06:24:22+00:00\",\"description\":\"Programme at a glance includes: Setting up of exhibition booths, SEA general assembly, Reception, Registration, Welcome address, Main panel, parallel ...\",\"breadcrumb\":{\"@id\":\"https:\\\/\\\/www.sze.si\\\/en\\\/programme-at-a-glance-2021\\\/#breadcrumb\"},\"inLanguage\":\"en-US\",\"potentialAction\":[{\"@type\":\"ReadAction\",\"target\":[\"https:\\\/\\\/www.sze.si\\\/en\\\/programme-at-a-glance-2021\\\/\"]}]},{\"@type\":\"BreadcrumbList\",\"@id\":\"https:\\\/\\\/www.sze.si\\\/en\\\/programme-at-a-glance-2021\\\/#breadcrumb\",\"itemListElement\":[{\"@type\":\"ListItem\",\"position\":1,\"name\":\"Home\",\"item\":\"https:\\\/\\\/www.sze.si\\\/en\\\/\"},{\"@type\":\"ListItem\",\"position\":2,\"name\":\"Programme at a glance\"}]},{\"@type\":\"WebSite\",\"@id\":\"https:\\\/\\\/www.sze.si\\\/en\\\/#website\",\"url\":\"https:\\\/\\\/www.sze.si\\\/en\\\/\",\"name\":\"Slovensko zdru\u017eenje za energetiko\",\"description\":\"SZE\",\"publisher\":{\"@id\":\"https:\\\/\\\/www.sze.si\\\/en\\\/#organization\"},\"potentialAction\":[{\"@type\":\"SearchAction\",\"target\":{\"@type\":\"EntryPoint\",\"urlTemplate\":\"https:\\\/\\\/www.sze.si\\\/en\\\/?s={search_term_string}\"},\"query-input\":{\"@type\":\"PropertyValueSpecification\",\"valueRequired\":true,\"valueName\":\"search_term_string\"}}],\"inLanguage\":\"en-US\"},{\"@type\":\"Organization\",\"@id\":\"https:\\\/\\\/www.sze.si\\\/en\\\/#organization\",\"name\":\"Slovensko zdru\u017eenje za energetiko\",\"url\":\"https:\\\/\\\/www.sze.si\\\/en\\\/\",\"logo\":{\"@type\":\"ImageObject\",\"inLanguage\":\"en-US\",\"@id\":\"https:\\\/\\\/www.sze.si\\\/en\\\/#\\\/schema\\\/logo\\\/image\\\/\",\"url\":\"https:\\\/\\\/www.sze.si\\\/wp-content\\\/uploads\\\/2019\\\/02\\\/SZE_logo_230x77.png\",\"contentUrl\":\"https:\\\/\\\/www.sze.si\\\/wp-content\\\/uploads\\\/2019\\\/02\\\/SZE_logo_230x77.png\",\"width\":230,\"height\":77,\"caption\":\"Slovensko zdru\u017eenje za energetiko\"},\"image\":{\"@id\":\"https:\\\/\\\/www.sze.si\\\/en\\\/#\\\/schema\\\/logo\\\/image\\\/\"}}]}<\/script>\n<!-- \/ Yoast SEO plugin. -->","yoast_head_json":{"title":"Programme at a glance - Slovenian Energy Association","description":"Programme at a glance includes: Setting up of exhibition booths, SEA general assembly, Reception, Registration, Welcome address, Main panel, parallel ...","robots":{"index":"index","follow":"follow","max-snippet":"max-snippet:-1","max-image-preview":"max-image-preview:large","max-video-preview":"max-video-preview:-1"},"canonical":"https:\/\/www.sze.si\/en\/programme-at-a-glance-2021\/","og_locale":"en_US","og_type":"article","og_title":"Programme at a glance - Slovenian Energy Association","og_description":"Programme at a glance includes: Setting up of exhibition booths, SEA general assembly, Reception, Registration, Welcome address, Main panel, parallel ...","og_url":"https:\/\/www.sze.si\/en\/programme-at-a-glance-2021\/","og_site_name":"Slovenian Energy Association","article_modified_time":"2021-06-26T06:24:22+00:00","twitter_card":"summary_large_image","twitter_misc":{"Est. reading time":"6 minutes"},"schema":{"@context":"https:\/\/schema.org","@graph":[{"@type":"WebPage","@id":"https:\/\/www.sze.si\/en\/programme-at-a-glance-2021\/","url":"https:\/\/www.sze.si\/en\/programme-at-a-glance-2021\/","name":"Programme at a glance - Slovenian Energy Association","isPartOf":{"@id":"https:\/\/www.sze.si\/en\/#website"},"datePublished":"2019-11-16T15:40:14+00:00","dateModified":"2021-06-26T06:24:22+00:00","description":"Programme at a glance includes: Setting up of exhibition booths, SEA general assembly, Reception, Registration, Welcome address, Main panel, parallel ...","breadcrumb":{"@id":"https:\/\/www.sze.si\/en\/programme-at-a-glance-2021\/#breadcrumb"},"inLanguage":"en-US","potentialAction":[{"@type":"ReadAction","target":["https:\/\/www.sze.si\/en\/programme-at-a-glance-2021\/"]}]},{"@type":"BreadcrumbList","@id":"https:\/\/www.sze.si\/en\/programme-at-a-glance-2021\/#breadcrumb","itemListElement":[{"@type":"ListItem","position":1,"name":"Home","item":"https:\/\/www.sze.si\/en\/"},{"@type":"ListItem","position":2,"name":"Programme at a glance"}]},{"@type":"WebSite","@id":"https:\/\/www.sze.si\/en\/#website","url":"https:\/\/www.sze.si\/en\/","name":"Slovensko zdru\u017eenje za energetiko","description":"SZE","publisher":{"@id":"https:\/\/www.sze.si\/en\/#organization"},"potentialAction":[{"@type":"SearchAction","target":{"@type":"EntryPoint","urlTemplate":"https:\/\/www.sze.si\/en\/?s={search_term_string}"},"query-input":{"@type":"PropertyValueSpecification","valueRequired":true,"valueName":"search_term_string"}}],"inLanguage":"en-US"},{"@type":"Organization","@id":"https:\/\/www.sze.si\/en\/#organization","name":"Slovensko zdru\u017eenje za energetiko","url":"https:\/\/www.sze.si\/en\/","logo":{"@type":"ImageObject","inLanguage":"en-US","@id":"https:\/\/www.sze.si\/en\/#\/schema\/logo\/image\/","url":"https:\/\/www.sze.si\/wp-content\/uploads\/2019\/02\/SZE_logo_230x77.png","contentUrl":"https:\/\/www.sze.si\/wp-content\/uploads\/2019\/02\/SZE_logo_230x77.png","width":230,"height":77,"caption":"Slovensko zdru\u017eenje za energetiko"},"image":{"@id":"https:\/\/www.sze.si\/en\/#\/schema\/logo\/image\/"}}]}},"_links":{"self":[{"href":"https:\/\/www.sze.si\/en\/wp-json\/wp\/v2\/pages\/6463","targetHints":{"allow":["GET"]}}],"collection":[{"href":"https:\/\/www.sze.si\/en\/wp-json\/wp\/v2\/pages"}],"about":[{"href":"https:\/\/www.sze.si\/en\/wp-json\/wp\/v2\/types\/page"}],"author":[{"embeddable":true,"href":"https:\/\/www.sze.si\/en\/wp-json\/wp\/v2\/users\/1"}],"replies":[{"embeddable":true,"href":"https:\/\/www.sze.si\/en\/wp-json\/wp\/v2\/comments?post=6463"}],"version-history":[{"count":4,"href":"https:\/\/www.sze.si\/en\/wp-json\/wp\/v2\/pages\/6463\/revisions"}],"predecessor-version":[{"id":7490,"href":"https:\/\/www.sze.si\/en\/wp-json\/wp\/v2\/pages\/6463\/revisions\/7490"}],"wp:attachment":[{"href":"https:\/\/www.sze.si\/en\/wp-json\/wp\/v2\/media?parent=6463"}],"curies":[{"name":"wp","href":"https:\/\/api.w.org\/{rel}","templated":true}]}}