{"id":15563,"date":"2024-12-08T14:33:58","date_gmt":"2024-12-08T12:33:58","guid":{"rendered":"https:\/\/www.sze.si\/?page_id=15563"},"modified":"2025-06-01T17:29:12","modified_gmt":"2025-06-01T15:29:12","slug":"programme-sze-2025","status":"publish","type":"page","link":"https:\/\/www.sze.si\/en\/programme-sze-2025\/","title":{"rendered":"Programme SZE 2025"},"content":{"rendered":"<div class=\"fusion-fullwidth fullwidth-box fusion-builder-row-1 nonhundred-percent-fullwidth non-hundred-percent-height-scrolling\" style=\"--awb-border-radius-top-left:0px;--awb-border-radius-top-right:0px;--awb-border-radius-bottom-right:0px;--awb-border-radius-bottom-left:0px;--awb-flex-wrap:wrap;\" ><div class=\"fusion-builder-row fusion-row\"><div class=\"fusion-layout-column fusion_builder_column fusion-builder-column-0 fusion_builder_column_1_1 1_1 fusion-one-full fusion-column-first fusion-column-last\" style=\"--awb-bg-size:cover;--awb-margin-bottom:0px;\"><div class=\"fusion-column-wrapper fusion-flex-column-wrapper-legacy\"><div class=\"fusion-text fusion-text-1\" style=\"--awb-text-transform:none;\"><p><span style=\"font-size: 14pt; color: #000080;\"><strong>INTERNATIONAL CONFERENCE OF SZE 2025 &#8211; PROGRAM<\/strong><\/span><\/p>\n<p><span style=\"text-decoration: underline; font-size: 14pt; color: #000080;\"><strong>Sunday, June 8, 2025<\/strong><\/span><\/p>\n<p>16:00-18:00\u00a0 Setting up exhibition spaces<br \/>\n16:30-17:30\u00a0 SZE General Assembly<br \/>\n19:00-21:00\u00a0 Reception on the hill near the church of St. Jurij in Piran,\u00a0\u00a0<a href=\"https:\/\/goo.gl\/maps\/1MC7yvLBDYkVLBt58?coh=178573&amp;entry=tt\">Ulica IX. korpusa 25, Piran\u00a0<\/a><\/p>\n<p><span style=\"text-decoration: underline; font-size: 14pt; color: #000080;\"><strong>Monday, June 9, 2025<\/strong><\/span><\/p>\n<p>09:00-10:00\u00a0 Conference participant registration<\/p>\n<p><strong><span style=\"color: #000080;\">10.00-10.20\u00a0\u00a0\u00a0 Opening of the conference and welcome address<\/span><\/strong><\/p>\n<ul>\n<li><strong>Alojz Poredo\u0161<\/strong>, Honorary President, Slovenian Energy Association<\/li>\n<li><strong>Dejan Koletnik<\/strong>, President, Slovenian Energy Association<\/li>\n<li><strong>Ale\u0161 Pre\u0161ern<\/strong>, Siemens Energy, the event&#8217;s general sponsor<\/li>\n<\/ul>\n<p><span style=\"color: #000080;\"><strong>10.20-11.10\u00a0 \u00a0 Plenary lectures<\/strong><\/span><\/p>\n<ul>\n<li><strong>THE ROLE OF &#8220;POWER -TO-X&#8221; IN THE HYDROGEN ECONOMY. CASE STUDIES IN THE EU<br \/>\nTatiana Morosuk<\/strong>, Technical University of Berlin, Germany<\/li>\n<\/ul>\n<ul>\n<li><strong><b><span lang=\"en-SI\">FROM VISION TO REALITY: STABILITY AND RELIABILITY IN ENERGY TRANSITION<\/span><\/b><\/strong><br \/>\n<strong>Thorsten Krol<\/strong>, Siemens Energy<\/li>\n<\/ul>\n<p>11.10-11.40 Coffee break<\/p>\n<p><strong><br \/>\n<span style=\"color: #000080;\">11.40-13.00 <\/span><\/strong><span style=\"color: #000080;\"><strong>Plenary lectures<\/strong><\/span><\/p>\n<ul>\n<li><strong>50% \/ 50% \/ 50%: UNTAPPED POTENTIALS AND OPPORTUNITIES FOR HEATING AND COOLING<br \/>\n<\/strong><strong>Andrej Kitanovski, <\/strong>Faculty of Mechanical Engineering, University of Ljubljana, Slovenia<\/li>\n<\/ul>\n<ul>\n<li><strong>NOVI SAD SOLAR-THERMAL PROJECT<br \/>\nDu\u0161an Macura<\/strong>, Novosadska Toplarna, Serbia<\/li>\n<\/ul>\n<ul>\n<li><strong>THE PATH TO SUSTAINABLE AND RESILIENT CLEANROOMS IN THE &#8220;LIFE SCIENCE&#8221; SECTOR<br \/>\n<\/strong><strong>Conor Murray<\/strong>, 3dimension Cleanrooms, Ireland<\/li>\n<\/ul>\n<ul>\n<li><strong>DEPLOYMENT OF SMALL MODULAR REACTORS: ADVANCING THE TRANSITION TO A CARBON-FREE ENERGY SUPPLY<br \/>\n<\/strong><strong>Mihael Sekav\u010dnik<\/strong>, Faculty of Mechanical Engineering, University of Ljubljana, Slovenia<\/li>\n<\/ul>\n<p>13.00-14.00\u00a0\u00a0\u00a0 Lunch<\/p>\n<p><span style=\"color: #000080;\"><strong>14.00-15.30\u00a0 \u00a0 Panel discussion &#8211; Regional Energy Systems Transformation<\/strong><\/span><\/p>\n<p>Moderators: <strong>Jo\u017ee Torkar, Eva Lina Nava Viloria<\/strong><\/p>\n<p>Participants:<\/p>\n<ul>\n<li><strong>Matija Bitenc, Plinovodi<\/strong><\/li>\n<li><strong>Bram Rutten \u2013 Pivovarna La\u0161ko Union<\/strong><\/li>\n<li><strong>Uro\u0161 Kerin, Eles<\/strong><\/li>\n<li><strong>Miha Pe\u010dovnik, HSE<\/strong><\/li>\n<li><strong>Ale\u0161 Pre\u0161ern, Siemens Energy<\/strong><\/li>\n<li><strong>Robert \u0160ipec, Ministry of Defence RS<\/strong><\/li>\n<\/ul>\n<p>15.30-16.00 Coffee break<\/p>\n<p><strong>16.00-18.00 Parallel sessions \u2013 section A1 and B1<\/strong><\/p>\n<p><span style=\"color: #000080;\"><strong><u><a id=\"sekcijaa1\"><\/a>A1: Energy systems transformations, energy and economic efficiency, energy policy<\/u><\/strong><\/span><\/p>\n<p>Moderator: Franc \u017dlahti\u010d<\/p>\n<ol>\n<li>EVALUATION TOOLS FOR INDUSTRIAL SYMBIOSIS<br \/>\nAmira Korayem and Tatiana Morosuk, Technische Universit\u00e4t Berlin, Germany<\/li>\n<li>LABOR PRODUCTIVITY COMPARISON IN THE CLEAN POWER SECTOR<br \/>\nToma\u017e \u017dagar<sup>1,2<\/sup>, Boris Vov\u010dko<sup>1,2<\/sup>, Ale\u0161 Kralj<sup>1<\/sup>, <sup>1<\/sup>Faculty for Energy Technology, University of Maribor, <sup>2<\/sup>GEN energija d. o. o<\/li>\n<li>OMNIVISE ENERGY MANAGEMENT SYSTEM &#8211; CONTINUOUSLY SOLVE FOR THE ECONOMICALLY OPTIMAL DISPATCH PLAN<br \/>\nMatija Mlakar Siemens Energy<\/li>\n<li>MODELLING OF PASSIVE SAFETY HEAT REMOVAL SYSTEMS WITH SAFETY CONDENSERS IN SMALL MODULAR REACTORS<br \/>\nMihael Bo\u0161tjan Kon\u010dar<sup>12<\/sup>, Mihael Sekav\u010dnik<sup>1<\/sup>, <sup>1<\/sup>Faculty of Mechanical Engineering, University of Ljubljana, <sup>2<\/sup>Institute of Nuclear Technology and Energy Systems, University of Stuttgart<\/li>\n<li>TRANSFORMATION OF ENERGY SYSTEMS IN THE REGION: WASTE-TO-ENERGY SOLUTIONS<br \/>\nAlexey TUGANOV, VYNCKE NV, Belgium<\/li>\n<li>THE INCREASING IMPORTANCE OF HOLISTIC END-TO-END ENERGY SYSTEM APPROACHES WHEN EVALUATING BENEFITS OF ENERGY EFFICIENCY IMPROVEMENTS<br \/>\nOddgeir Gudmundsson, Jan Eric Thorsen; Danfoss A\/S \u2013 Climate Solutions<\/li>\n<\/ol>\n<p><span style=\"color: #000080;\"><strong><u><a id=\"sekcijab1\"><\/a>B1: Gases and hydrogen, digitalization, energy regulation<\/u><\/strong><\/span><\/p>\n<p>Moderator: Aleksander Trupej<\/p>\n<ol>\n<li>IMPACT OF SOCIAL\/POLITICAL CHANGES ON THE FUTURE DEVELOPMENT OF THE GAS INDUSTRY<br \/>\nMarko Iler\u0161i\u010d, Plinovodi, Slovenia<\/li>\n<li>STORING ELECTRICITY IN HYDROGEN USING THE ELECTROLYSIS PROCESS<br \/>\nUrban Gselman, HSE Invest d.o.o, Slovenia<\/li>\n<li>ENVIRONMENTAL ANALYSIS OF \u201cRENEWABLE\u201d AMMONIA PRODUCTION LIFE CYCLE ASSESSMENT METHODOLOGY<br \/>\nJure Gramc, Tome Astardjiev, Mitja Mori; University of Ljubljana, Faculty of Mechanical Engineering, Slovenia<\/li>\n<li>ACTIVITIES OF THE GAS TRANSMISSION SYSTEM OPERATOR IN THE FRAME OF THE SUSTAINABLE TRANSITION<br \/>\nOton Gortnar, Plinovodi, Slovenia<\/li>\n<li>CERTALINK ENERGY CERTIFICATE &#8211; GROWING FROM NEED TO CERTIFICATION<br \/>\nMarko Babi\u0107, Siemens Energy<\/li>\n<li>LARGE SCALE DIGITALIZATION PLANNING<br \/>\nTatjana Nu\u0161i\u0107, Dubravka Jovan\u010di\u0107, Vladimir Tanasi\u0107, DH Beogradske elektrane, Serbia<\/li>\n<li>PREDICTIVE MAINTENANCE SOFTWARE AND DATA SECURITY IN VARIABLE FREQUENCY DRIVE APPLICATIONS<br \/>\nIrina Kitanoska, Danfoss Trata d.o.o., Slovenia<\/li>\n<\/ol>\n<p>19.30.-24.00 Gala dinner<\/p>\n<p><span style=\"text-decoration: underline; color: #000080; font-size: 14pt;\"><strong>Tuesday, June 10, 2025<\/strong><\/span><\/p>\n<p><strong>10.00-12.00 Parallel sessions \u2013 section A2 and B2<\/strong><\/p>\n<p><span style=\"color: #000080;\"><strong><u><a id=\"sekcijaa2\"><\/a>A2: Renewables, energy resilience, sustainable transition<\/u><\/strong><\/span><\/p>\n<p>Moderator: Andrej Ljubenko<\/p>\n<ol>\n<li>GREEN TRANSITION OF A TOWN &#8211; FROM IDEA TO ACTION WITHIN THREE YEARS<br \/>\nLars Gullev, VEKS Denmark<\/li>\n<li>TRANSFORMATION OF SERBIA&#8217;S ENERGY SYSTEM: WASTE INCINIRATION &#8211; VINCA IN BELGRADE, INTEGRATION OF LARGE HEAT PUMPS IN THE SYSTEMS OF DH in \u00a0CITIES, &#8220;POWER TO HEAT&#8221; PROJECT IN NOVI SAD AND BELGRADE, ENSURE SAFE AND SUSTAINABLE ENERGY SUPPLY<br \/>\nPetar Vasiljevi\u0107, Senior konsultant, Beogradske elektrane, KGH Dru\u0161tvo, Bojan Bogdanovi\u0107, Principal, Energy Efficency and Green Buildings EBRD bank<\/li>\n<li>COMPREHENSIVE USE OF SOLAR ENERGY WITH ADVANCED ELECTRICAL ENERGY STORAGE IN RECYCLED BATTERIES FOR FOOD AND WATER PRODUCTION<br \/>\nPrimo\u017e Poredo\u0161, Domen \u0160eruga, Dominik Kozjek, Dejan Trajkovski, Tej \u017di\u017eak, Eva Zavrl, Ciril Arkar, Jernej Klemenc, Faculty of mechanical engineering, University of Ljubljana, Slovenia<\/li>\n<li>ENERGY UTILIZATION FACILITY OF MUNICIPAL WASTE, TEO LJUBLJANA<br \/>\nGregor Golja, Energetika Ljubljana, d.o.o., Slovenia<\/li>\n<li>CRITICAL INFRASTRUCTURE AS AN ELEMENT OF ENERGY RESILIENCE IN THE NATIONAL SECURITY SYSTEM<br \/>\nAndrej Vastl, Ministry of Defence of Republica Slovenia<\/li>\n<li>DESIGNING SUSTAINABLE ENERGY SYSTEMS IN FUTURE MILITARY CAMPS<br \/>\nUrban \u017dvar Ba\u0161kovi\u010d<sup>1<\/sup>, \u017diga Rosec<sup>1<\/sup>, Ariel Marie Stolza<sup>1<\/sup>, Robert \u0160ipec<sup>2<\/sup>, Toma\u017e Katra\u0161nik<sup>1<\/sup>, <sup>1<\/sup>Faculty of Mechanical Engineering, UL; <sup>2<\/sup>Ministry of Defence of the Rep. Slovenia<\/li>\n<li>HARMONIZING SUSTAINABILITY REPORTING FOR COMPANIES WITH A CROSS-SECTORAL CARBON FOOTPRINT MODEL<br \/>\nRok Stropnik<sup>1<\/sup>, Domen Hojkar<sup>1<\/sup>, Rober \u0160ipec<sup>2<\/sup>, Kau\u010di\u010d \u0160kufca Mojca<sup>2<\/sup>, Mitja Mori<sup>1<\/sup> <sup>1<\/sup>Faculty of Mechanical Engineering, UL; <sup>2<\/sup>Ministry of Defence of the Rep. Slovenia<\/li>\n<\/ol>\n<p><span style=\"color: #000080;\"><strong><u><a id=\"sekcijab2\"><\/a>B2: Heating, cooling, ventilation and energy storage<\/u><\/strong><\/span><\/p>\n<p>Moderator: Gregor Jegli\u010d<\/p>\n<ol>\n<li>MODELLING OF PARTICLE CONTAMINATION RELEASE FROM TABLET PACKAGING AREA USING CFD<br \/>\nMatja\u017e Ram\u0161ak<sup>1<\/sup>, Jure Ravnik<sup>1<\/sup>, Matej Zadravec<sup>1<\/sup>, Timi Gomboc<sup>1<\/sup>, Damir Luke\u017ei\u0107<sup>2 <\/sup>\u00a0Matja\u017e Hriber\u0161ek<sup>1<\/sup>, <sup>1<\/sup>University of Maribor Faculty of Mechanical Engineering, <sup>2<\/sup> Lek d.d. Lendava, Slovenia<\/li>\n<li>EPBD 2026: ENERGY EFFICIENCY &amp; INDOOR AIR QUALITY \u2013 WHY VENTILATION WITH HEAT RECOVERY IS THE ONLY SOLUTION<br \/>\nChristian Bolsmann, CEO of getAir GmbH and President of VFW<\/li>\n<li>ICE THERMAL ENERGY STORAGE, TRENDS, CHALLENGES AND OPPORTUNITIES<br \/>\nMarie-Ange Rodriguez, Fafco, France<\/li>\n<li>COMPARISON OF MONTHLY AND HOURLY CALCULATION METHODS FOR PREDICTING ENERGY CONSUMPTION FOR HEATING AND COOLING OF AN OFFICE BUILDING<br \/>\nBla\u017e \u010cerneti\u010d<sup>1<\/sup>, Andrej Osana<sup>1<\/sup>, Uro\u0161 Stritih<sup>2<\/sup>, <sup>1<\/sup>GE Projekt Ljubljana, <sup>2<\/sup>UL Faculty of Mechanical Engineering, Slovenia<\/li>\n<li>OPTIMIZING HOUSEHOLD HEATING COSTS WITH LATENT HEAT STORAGE AND DYNAMIC ELECTRICITY PRICING<br \/>\nDomen Hojkar, Rok Stropnik, Mitja Mori; <sup>1<\/sup>Faculty of Mechanical Engineering, University of Ljubljana, Slovenia<\/li>\n<li>THE ROLE OF BATTERY STORAGE IN THE ENERGY TRANSITION<br \/>\nSamo Ceferin, Kolektor Sisteh d.o.o, Slovenia<\/li>\n<\/ol>\n<p>12.00-12.30 Coffee break<\/p>\n<p><strong>12.30-14.30 Parallel sessions \u2013 section A3 and B3<\/strong><\/p>\n<p><span style=\"color: #000080;\"><strong><u><a id=\"sekcijaa3\"><\/a>A3: District heating and cooling<\/u><\/strong><\/span><\/p>\n<p>Moderator: Jo\u017ee Torkar<\/p>\n<ol>\n<li>DELUSION OR FACT: DISTRICT ENERGY ENABLES SUSTAINABLE ENERGY SYSTEMS<br \/>\nAmer Karabegovic, Danfoss, Slovenia<\/li>\n<li>IMPLEMENTATION OF THE TRANSFORMATION OF THE DISTRIBUTION SYSTEM OF \u0160ALE\u0160KA DOLINA DISTRICT HEATING<br \/>\nJanez Ram\u0161ak, Rok Miklav\u017eina, Robert Ocepek, Gregor Cvet,\u00a0 Komunalno podjetje Velenje, Slovenia<\/li>\n<li>DISTRICT HEATING IN MARIBOR: BETWEEN LEGISLATIVE REQUIREMENTS AND REAL POSSIBILITIES OF TRANSITION TO RES<br \/>\nMatija Meden<sup>1<\/sup>, prof. dr. Filip Kokalj<sup>2<\/sup>, Ljubo Germi\u010d<sup>1<\/sup>, <sup>1<\/sup>Javno podjetje Energetika Maribor d. o. o., <sup>2<\/sup>University of Maribor, Faculty of Mechanical Engineering, Slovenia<\/li>\n<li>MODELING OF DISTRICT ENERGY NETWORKS WITH MINIMAL DATA<br \/>\nMarko Keber<sup>1<\/sup>, Izak Ober\u010dkal Plu\u0161ko<sup>1<\/sup>, Katja Klinar<sup>1<\/sup>, Andrej Kitanovski<sup>1<\/sup>, Gregor Cvet<sup>2<\/sup>, Janez Ram\u0161ak<sup>2<\/sup>, Tine Seljak<sup>1<\/sup>, <sup>1<\/sup>Faculty of Mechanical Engineering, UL, <sup>2<\/sup>Komunalno podjetje Velenje d.o.o., Slovenia<\/li>\n<li>OPERATIONAL OVERVIEW OF DISTRICT HEATING IN THE \u0160ALE\u0160KA VALLEY IN TANDEM WITH THE NAHV PROJECT<br \/>\nErik Rot Weiss, Urban Gselman, David Galinec, Robert Gselman; HSE Invest d.o.o, Slovenia<\/li>\n<li>REDUCING DISTRICT HEATING RETURN TEMPERATURES BY CASCADING CONCEPTS<br \/>\nJan Eric Thorsen, Oddgeir Gudmundsson, Marek Brand, Danfoss A\/S \u2013 Climate Solutions<\/li>\n<\/ol>\n<p><span style=\"color: #000080;\"><strong><u><a id=\"sekcijab3\"><\/a>B3: Heat pumps and contemporary system solutions<\/u><\/strong><\/span><\/p>\n<p>Moderator: Primo\u017e Poredo\u0161<\/p>\n<ol>\n<li>MODELING HEAT PUMPS WITH THERMAL STORAGE IN DISTRICT HEATING SYSTEMS<br \/>\nIzak Ober\u010dkal Plu\u0161ko, Katja Klinar, Marko Keber, Tine Seljak, Oumayma Chdil, Radel Gimaev, Andrej Kitanovski, University of Ljubljana, Faculty of Mechanical Engineering, Slovenia<\/li>\n<li>THE SMART HEAT PUMP OF THE FUTURE \u2013 OPTIMIZATION OF OPERATION BASED ON ELECTRICITY PRICES<br \/>\nMatic Goter, Termo shop, Slovenia<\/li>\n<li>HEAT PUMPS AS INVESTMENT EQUIPMENT<br \/>\nLuka Rednak, Kronoterm, Slovenia<\/li>\n<li>OPPORTUNITIES FOR CUSTOMERS WITH HEAT PUMPS BASED ON THE NEW ELECTRICITY TARIFF SETTING METHODOLOGY<br \/>\nDavid Bati\u010d, Nevena Sre\u0107kovi\u0107, Energy Agency, Slovenia<\/li>\n<li>ENHANCING THE PERFORMANCE OF HOUSEHOLD REFRIGERATORS WITH PHASE CHANGE MATERIALS<br \/>\nNada Petelin(a), Jakob Perne(a), Urban Tomc(a), Marko Kralj(b), Toma\u017e Bregar(b), Matija Kalin(a), Izak Ober\u010dkal Plu\u0161ko(a), Daniel Calleja Anta(a), Andrej Kitanovski(a), University of Ljubljana, Faculty of Mechanical Engineering, Gorenje, Hisense Europe, Slovenia<\/li>\n<li>TEMPORAL EXTENSION OF RIVER FLOW FORECASTS: A NEURAL NETWORK MODELING APPROACH FOR THE DRAVA RIVER<br \/>\nMarko Rus, Viktor Brajak, Tadej Justin Medius d.o.o., Tehnolo\u0161ki park, Ljubljana, Slovenia<\/li>\n<\/ol>\n<p><strong>14.30-15.00\u00a0\u00a0\u00a0 Conference closing<\/strong><\/p>\n<\/div><div class=\"fusion-clearfix\"><\/div><\/div><\/div><\/div><\/div>\n","protected":false},"excerpt":{"rendered":"","protected":false},"author":1,"featured_media":0,"parent":0,"menu_order":0,"comment_status":"closed","ping_status":"open","template":"","meta":{"_monsterinsights_skip_tracking":false,"_monsterinsights_sitenote_active":false,"_monsterinsights_sitenote_note":"","_monsterinsights_sitenote_category":0,"footnotes":""},"class_list":["post-15563","page","type-page","status-publish","hentry"],"yoast_head":"<!-- This site is optimized with the Yoast SEO plugin v27.3 - https:\/\/yoast.com\/product\/yoast-seo-wordpress\/ -->\n<title>Programme SZE 2025 - Slovenian Energy Association<\/title>\n<meta name=\"description\" content=\"Final programme International conference of SZE 2025\" \/>\n<meta name=\"robots\" content=\"index, follow, max-snippet:-1, max-image-preview:large, max-video-preview:-1\" \/>\n<link rel=\"canonical\" href=\"https:\/\/www.sze.si\/en\/programme-sze-2025\/\" \/>\n<meta property=\"og:locale\" content=\"en_US\" \/>\n<meta property=\"og:type\" content=\"article\" \/>\n<meta property=\"og:title\" content=\"Programme SZE 2025 - Slovenian Energy Association\" \/>\n<meta property=\"og:description\" content=\"Final programme International conference of SZE 2025\" \/>\n<meta property=\"og:url\" content=\"https:\/\/www.sze.si\/en\/programme-sze-2025\/\" \/>\n<meta property=\"og:site_name\" content=\"Slovenian Energy Association\" \/>\n<meta property=\"article:modified_time\" content=\"2025-06-01T15:29:12+00:00\" \/>\n<meta name=\"twitter:card\" content=\"summary_large_image\" \/>\n<meta name=\"twitter:label1\" content=\"Est. reading time\" \/>\n\t<meta name=\"twitter:data1\" content=\"6 minutes\" \/>\n<script type=\"application\/ld+json\" class=\"yoast-schema-graph\">{\"@context\":\"https:\\\/\\\/schema.org\",\"@graph\":[{\"@type\":\"WebPage\",\"@id\":\"https:\\\/\\\/www.sze.si\\\/en\\\/programme-sze-2025\\\/\",\"url\":\"https:\\\/\\\/www.sze.si\\\/en\\\/programme-sze-2025\\\/\",\"name\":\"Programme SZE 2025 - Slovenian Energy Association\",\"isPartOf\":{\"@id\":\"https:\\\/\\\/www.sze.si\\\/en\\\/#website\"},\"datePublished\":\"2024-12-08T12:33:58+00:00\",\"dateModified\":\"2025-06-01T15:29:12+00:00\",\"description\":\"Final programme International conference of SZE 2025\",\"breadcrumb\":{\"@id\":\"https:\\\/\\\/www.sze.si\\\/en\\\/programme-sze-2025\\\/#breadcrumb\"},\"inLanguage\":\"en-US\",\"potentialAction\":[{\"@type\":\"ReadAction\",\"target\":[\"https:\\\/\\\/www.sze.si\\\/en\\\/programme-sze-2025\\\/\"]}]},{\"@type\":\"BreadcrumbList\",\"@id\":\"https:\\\/\\\/www.sze.si\\\/en\\\/programme-sze-2025\\\/#breadcrumb\",\"itemListElement\":[{\"@type\":\"ListItem\",\"position\":1,\"name\":\"Home\",\"item\":\"https:\\\/\\\/www.sze.si\\\/en\\\/\"},{\"@type\":\"ListItem\",\"position\":2,\"name\":\"Programme SZE 2025\"}]},{\"@type\":\"WebSite\",\"@id\":\"https:\\\/\\\/www.sze.si\\\/en\\\/#website\",\"url\":\"https:\\\/\\\/www.sze.si\\\/en\\\/\",\"name\":\"Slovensko zdru\u017eenje za energetiko\",\"description\":\"SZE\",\"publisher\":{\"@id\":\"https:\\\/\\\/www.sze.si\\\/en\\\/#organization\"},\"potentialAction\":[{\"@type\":\"SearchAction\",\"target\":{\"@type\":\"EntryPoint\",\"urlTemplate\":\"https:\\\/\\\/www.sze.si\\\/en\\\/?s={search_term_string}\"},\"query-input\":{\"@type\":\"PropertyValueSpecification\",\"valueRequired\":true,\"valueName\":\"search_term_string\"}}],\"inLanguage\":\"en-US\"},{\"@type\":\"Organization\",\"@id\":\"https:\\\/\\\/www.sze.si\\\/en\\\/#organization\",\"name\":\"Slovensko zdru\u017eenje za energetiko\",\"url\":\"https:\\\/\\\/www.sze.si\\\/en\\\/\",\"logo\":{\"@type\":\"ImageObject\",\"inLanguage\":\"en-US\",\"@id\":\"https:\\\/\\\/www.sze.si\\\/en\\\/#\\\/schema\\\/logo\\\/image\\\/\",\"url\":\"https:\\\/\\\/www.sze.si\\\/wp-content\\\/uploads\\\/2019\\\/02\\\/SZE_logo_230x77.png\",\"contentUrl\":\"https:\\\/\\\/www.sze.si\\\/wp-content\\\/uploads\\\/2019\\\/02\\\/SZE_logo_230x77.png\",\"width\":230,\"height\":77,\"caption\":\"Slovensko zdru\u017eenje za energetiko\"},\"image\":{\"@id\":\"https:\\\/\\\/www.sze.si\\\/en\\\/#\\\/schema\\\/logo\\\/image\\\/\"}}]}<\/script>\n<!-- \/ Yoast SEO plugin. -->","yoast_head_json":{"title":"Programme SZE 2025 - Slovenian Energy Association","description":"Final programme International conference of SZE 2025","robots":{"index":"index","follow":"follow","max-snippet":"max-snippet:-1","max-image-preview":"max-image-preview:large","max-video-preview":"max-video-preview:-1"},"canonical":"https:\/\/www.sze.si\/en\/programme-sze-2025\/","og_locale":"en_US","og_type":"article","og_title":"Programme SZE 2025 - Slovenian Energy Association","og_description":"Final programme International conference of SZE 2025","og_url":"https:\/\/www.sze.si\/en\/programme-sze-2025\/","og_site_name":"Slovenian Energy Association","article_modified_time":"2025-06-01T15:29:12+00:00","twitter_card":"summary_large_image","twitter_misc":{"Est. reading time":"6 minutes"},"schema":{"@context":"https:\/\/schema.org","@graph":[{"@type":"WebPage","@id":"https:\/\/www.sze.si\/en\/programme-sze-2025\/","url":"https:\/\/www.sze.si\/en\/programme-sze-2025\/","name":"Programme SZE 2025 - Slovenian Energy Association","isPartOf":{"@id":"https:\/\/www.sze.si\/en\/#website"},"datePublished":"2024-12-08T12:33:58+00:00","dateModified":"2025-06-01T15:29:12+00:00","description":"Final programme International conference of SZE 2025","breadcrumb":{"@id":"https:\/\/www.sze.si\/en\/programme-sze-2025\/#breadcrumb"},"inLanguage":"en-US","potentialAction":[{"@type":"ReadAction","target":["https:\/\/www.sze.si\/en\/programme-sze-2025\/"]}]},{"@type":"BreadcrumbList","@id":"https:\/\/www.sze.si\/en\/programme-sze-2025\/#breadcrumb","itemListElement":[{"@type":"ListItem","position":1,"name":"Home","item":"https:\/\/www.sze.si\/en\/"},{"@type":"ListItem","position":2,"name":"Programme SZE 2025"}]},{"@type":"WebSite","@id":"https:\/\/www.sze.si\/en\/#website","url":"https:\/\/www.sze.si\/en\/","name":"Slovensko zdru\u017eenje za energetiko","description":"SZE","publisher":{"@id":"https:\/\/www.sze.si\/en\/#organization"},"potentialAction":[{"@type":"SearchAction","target":{"@type":"EntryPoint","urlTemplate":"https:\/\/www.sze.si\/en\/?s={search_term_string}"},"query-input":{"@type":"PropertyValueSpecification","valueRequired":true,"valueName":"search_term_string"}}],"inLanguage":"en-US"},{"@type":"Organization","@id":"https:\/\/www.sze.si\/en\/#organization","name":"Slovensko zdru\u017eenje za energetiko","url":"https:\/\/www.sze.si\/en\/","logo":{"@type":"ImageObject","inLanguage":"en-US","@id":"https:\/\/www.sze.si\/en\/#\/schema\/logo\/image\/","url":"https:\/\/www.sze.si\/wp-content\/uploads\/2019\/02\/SZE_logo_230x77.png","contentUrl":"https:\/\/www.sze.si\/wp-content\/uploads\/2019\/02\/SZE_logo_230x77.png","width":230,"height":77,"caption":"Slovensko zdru\u017eenje za energetiko"},"image":{"@id":"https:\/\/www.sze.si\/en\/#\/schema\/logo\/image\/"}}]}},"_links":{"self":[{"href":"https:\/\/www.sze.si\/en\/wp-json\/wp\/v2\/pages\/15563","targetHints":{"allow":["GET"]}}],"collection":[{"href":"https:\/\/www.sze.si\/en\/wp-json\/wp\/v2\/pages"}],"about":[{"href":"https:\/\/www.sze.si\/en\/wp-json\/wp\/v2\/types\/page"}],"author":[{"embeddable":true,"href":"https:\/\/www.sze.si\/en\/wp-json\/wp\/v2\/users\/1"}],"replies":[{"embeddable":true,"href":"https:\/\/www.sze.si\/en\/wp-json\/wp\/v2\/comments?post=15563"}],"version-history":[{"count":3,"href":"https:\/\/www.sze.si\/en\/wp-json\/wp\/v2\/pages\/15563\/revisions"}],"predecessor-version":[{"id":16019,"href":"https:\/\/www.sze.si\/en\/wp-json\/wp\/v2\/pages\/15563\/revisions\/16019"}],"wp:attachment":[{"href":"https:\/\/www.sze.si\/en\/wp-json\/wp\/v2\/media?parent=15563"}],"curies":[{"name":"wp","href":"https:\/\/api.w.org\/{rel}","templated":true}]}}