{"id":14058,"date":"2023-11-27T00:56:12","date_gmt":"2023-11-26T22:56:12","guid":{"rendered":"https:\/\/www.sze.si\/?page_id=14058"},"modified":"2024-06-02T10:29:08","modified_gmt":"2024-06-02T08:29:08","slug":"programme-sze-2024","status":"publish","type":"page","link":"https:\/\/www.sze.si\/en\/programme-sze-2024\/","title":{"rendered":"Programme SZE 2024"},"content":{"rendered":"<div class=\"fusion-fullwidth fullwidth-box fusion-builder-row-1 nonhundred-percent-fullwidth non-hundred-percent-height-scrolling\" style=\"--awb-border-radius-top-left:0px;--awb-border-radius-top-right:0px;--awb-border-radius-bottom-right:0px;--awb-border-radius-bottom-left:0px;--awb-flex-wrap:wrap;\" ><div class=\"fusion-builder-row fusion-row\"><div class=\"fusion-layout-column fusion_builder_column fusion-builder-column-0 fusion_builder_column_1_1 1_1 fusion-one-full fusion-column-first fusion-column-last\" style=\"--awb-bg-size:cover;--awb-margin-bottom:0px;\"><div class=\"fusion-column-wrapper fusion-flex-column-wrapper-legacy\"><div class=\"fusion-text fusion-text-1\" style=\"--awb-text-transform:none;\"><p style=\"text-align: center\"><span style=\"color: #d32b2c\"><strong><span style=\"font-size: 18pt\">International Conference of SZE 2024<\/span><\/strong><\/span><\/p>\n<p style=\"text-align: center\"><span style=\"color: #d32b2c\"><strong><span style=\"font-size: 18pt\">Grand Hotel Bernardin, Portoro\u017e, Slovenia<br \/>\nfrom 2 to 4 June 2024<\/span><\/strong><\/span><\/p>\n<p><span style=\"text-decoration: underline;color: #d32b2c\"><span style=\"font-size: 18pt\"><strong>Sunday, 2 June 2024<\/strong><\/span><\/span><\/p>\n<p><strong><span style=\"font-size: 14pt;color: #000000\">15.30-18.00 Setting up of exhibition booths<\/span><\/strong><br \/>\n<strong><span style=\"font-size: 14pt;color: #000000\">17.00-18.00 SEA general assembly<\/span><\/strong><br \/>\n<strong><span style=\"font-size: 14pt;color: #000000\">19.00-22.00 Reception: on the hill near the church of St. Jurij in Piran,\u00a0 <span style=\"color: #d32b2c\"><a style=\"color: #d32b2c\" href=\"https:\/\/goo.gl\/maps\/1MC7yvLBDYkVLBt58?coh=178573&amp;entry=tt\" target=\"_blank\" rel=\"noopener\">Ulica IX. korpusa 25, Piran\u00a0<\/a><\/span><\/span><\/strong><\/p>\n<p><span style=\"text-decoration: underline;color: #d32b2c\"><span style=\"font-size: 18pt\"><strong>Monday, 3 June 2024<\/strong><\/span><\/span><\/p>\n<p><span style=\"color: #000000\"><strong><span style=\"font-size: 14pt\">09.00-10.00\u00a0\u00a0\u00a0 Registration<br \/>\n10.00-10.20\u00a0\u00a0\u00a0 Opening of the conference and welcome address<\/span><\/strong><\/span><\/p>\n<ul>\n<li><span style=\"color: #000000\"><strong>Bogdan Kronov\u0161ek<\/strong>, Director,Kronoterm<\/span><\/li>\n<li><span style=\"color: #000000\"><strong>Alojz Poredo\u0161<\/strong>, President, Slovenian Energy Association<\/span><\/li>\n<li><span style=\"color: #000000\"><strong>Tina Ser\u0161en<\/strong>, State secretary, Ministry of the Environment, Climate and Energy<\/span><\/li>\n<\/ul>\n<p><span style=\"color: #000000\"><span style=\"font-size: 14pt\"><br \/>\n<\/span><strong><span style=\"font-size: 14pt\">10.20-11.00\u00a0 \u00a0 Plenary lectures<\/span><\/strong><\/span><\/p>\n<ul>\n<li><span style=\"color: #000000\"><strong>Alessia Del Vasto, European Heat Pump Association (EHPA<\/strong>)<\/span><br \/>\n<span style=\"color: #000000\">Heat pumps as protagonist of the EU Green Transition: what&#8217;s the state of the art?<\/span><\/li>\n<li><span style=\"color: #000000\"><strong>David Bati\u010d, Energy Agency RS<\/strong><\/span><br \/>\n<span style=\"color: #000000\">A new network fee billing methodology for an efficient and fair green transition<\/span><\/li>\n<\/ul>\n<p><span style=\"color: #000000\"><span style=\"font-size: 14pt\"><br \/>\n<\/span><span style=\"font-size: 14pt\">11.00-11.15\u00a0 \u00a0 Coffee break<br \/>\n<\/span><\/span><\/p>\n<p><span style=\"color: #000000\"><strong><span style=\"font-size: 14pt\">11.15-11.35\u00a0 \u00a0 \u00a0Presentation of the golden sponsors<br \/>\n<\/span><\/strong><\/span><\/p>\n<p><span style=\"font-size: 14pt;color: #000000\"><strong>11.35-13.00\u00a0 \u00a0 Panel discussion <span style=\"font-size: 14pt\">&#8211; <\/span><\/strong><\/span><span style=\"color: #000000\"><span style=\"font-size: 14pt\"><strong>Theme: <\/strong><\/span><strong><span style=\"font-size: 14pt\">Response of energy solutions to climate change<\/span><br \/>\n<\/strong><\/span><span style=\"color: #000000\">Moderators: <strong>Dejan Koletnik and Suzana Gu\u010dek<br \/>\n<\/strong><\/span><span style=\"color: #000000\">Participants:<\/span><\/p>\n<ul>\n<li><span style=\"color: #000000\"><strong>Du\u0161ka Godina<\/strong>, Energy Agency RS<\/span><\/li>\n<li><span style=\"color: #000000\"><strong>Marjan Eberlinc<\/strong>, Plinovodi<\/span><\/li>\n<li><span style=\"color: #000000\"><strong>Iztok Gornjak<\/strong>, Borzen<\/span><\/li>\n<li><span style=\"color: #000000\"><strong>Bogdan Kronov\u0161ek, <\/strong>Kronoterm<\/span><\/li>\n<li><span style=\"color: #000000\"><strong>Uro\u0161 Salobir<\/strong>, ELES<\/span><\/li>\n<\/ul>\n<p><span style=\"color: #000000\"><span style=\"font-size: 14pt\">13.00-14.00\u00a0\u00a0\u00a0 Lunch<\/span><\/span><\/p>\n<p><span style=\"color: #000000\"><span style=\"font-size: 14pt\"><strong>14.00-16.00 \u00a0\u00a0 Parallel sessions<\/strong><\/span><\/span><\/p>\n<p><span style=\"color: #d32b2c;font-size: 14pt\"><strong><u>Section A1: Heat pumps and modern system solutions<br \/>\n<span style=\"color: #000000;font-size: 12pt\">Moderator: Dean Besednjak<\/span><\/u><\/strong><\/span><\/p>\n<ol>\n<li><span style=\"color: #000000\">Benjamin \u010cerno\u0161a, \u00a0Eva Lina Nava, Andrej Ljubenko: Addressing heating and cooling demands with large-scale heat pumps; Siemens Energy, Slovenia<\/span><\/li>\n<li><span style=\"color: #000000\">Franc Marovt: Shifting electrical power consumtion with heat pumps and heat storage; Kronoterm, Slovenia<\/span><\/li>\n<li><span style=\"color: #000000\">Aleksandar Jovanoski<sup>1<\/sup>, Tomislav \u0106uti\u0107<sup>2<\/sup>: Enhancing energy efficiency in HVAC systems &#8211; air handling units with integrated heat pumps;\u00a0<sup>1<\/sup>PRO-KLIMA, Croatia,\u00a0<sup>2<\/sup>WOLF, Germany<\/span><\/li>\n<li><span style=\"color: #000000\">Daniel Large, Luka Rednak: Mobile energy plant with heat pumps, Solaris Energy, England, Kronoterm, Slovenia<\/span><\/li>\n<li><span style=\"color: #000000\">Uro\u0161 Orehek<sup>1<\/sup>, Domenico Mazzetti<sup>2<\/sup>: Air removal from user side hydraulic circuit with heat pump using high-efficiency deaerator (HED\u00ae);\u00a0 <sup>1<\/sup>Caleffi Hidrotermika, Slovenia,\u00a0<sup>2<\/sup>Caleffi, Italy<\/span><\/li>\n<\/ol>\n<p><span style=\"color: #d32b2c;font-size: 14pt\"><strong><u>Section B1: District heating and cooling<br \/>\n<span style=\"font-size: 12pt;color: #000000\">Moderator: Petar Vasiljevi\u0107<\/span><\/u><\/strong><\/span><\/p>\n<ol>\n<li><span style=\"color: #000000\">Amer Karabegovi\u0107: THE PERFECT RETURN &#8211; Heat network return temperature The main pillar of the utilization of surplus electricity, waste heat and RES; Danfoss, Slovenia<\/span><\/li>\n<li><span style=\"color: #000000\">Oddgeir Gudmundsson: Comfort cooling module for low temperature district heating systems; Danfoss, Denmark<\/span><\/li>\n<li><span style=\"color: #000000\">Gregor Cvet: Energy renovation of multi-apartment buildings as a potential to lower the temperature regime of district heating of the \u0160ale\u0161ka valley; Komunalno podjetje Velenje, Slovenia<\/span><\/li>\n<li><span style=\"color: #000000\">Tatjana Nu\u0161i\u0107, Dubravka Jovan\u010di\u0107: Challenges of preparation and implementation of requests for the reconstruction of control systems in the district heating system of Belgrade du; DH \u201cBeogradske elektrane\u201c, Serbia<\/span><\/li>\n<li><span style=\"color: #000000\">Bla\u017e Krajnc<sup>1<\/sup>, Gregor Makovec<sup>2<\/sup>, Alen Kolman<sup>2<\/sup>, Matija Meden<sup>2<\/sup>: Diversification of the district heating system \u2013 implementation of a heat pump powered by the Drava river;\u00a0<sup>1<\/sup>Energo plus d.o.o.,\u00a0<sup>2<\/sup>Energetika Maribor d.o.o., Slovenia<\/span><\/li>\n<li><span style=\"color: #000000\">Dejan Jovi\u0161evi\u0107<sup>1<\/sup>, Amer Karabegovi\u0107<sup>2<\/sup>: Optimization of OPEX as a driver for CAPEX in DHS; Eko toplane Banja Luka, BiH,\u00a0<sup>2<\/sup>Danfoss, Slovenia<\/span><\/li>\n<\/ol>\n<p><span style=\"color: #000000\"><span style=\"font-size: 14pt\">16.00-16.30\u00a0\u00a0\u00a0 Coffee break<\/span><\/span><\/p>\n<p><span style=\"color: #000000\"><span style=\"font-size: 14pt\"><br \/>\n<\/span><strong><span style=\"font-size: 14pt\">16.30-18.30 \u00a0\u00a0 Parallel sessions<\/span><\/strong><\/span><\/p>\n<p><span style=\"color: #d32b2c;font-size: 14pt\"><strong><u>Section A2: Heating, cooling, ventilation<br \/>\n<span style=\"font-size: 12pt;color: #000000\">Moderator: Gregor Jegli\u010d<\/span><\/u><\/strong><\/span><\/p>\n<ol>\n<li><span style=\"color: #000000\">Gregor Jegli\u010d: Efficient ensuring of indoor air quality; Bossplast, Slovenia<\/span><\/li>\n<li><span style=\"color: #000000\">Alexander Feichter: Electrostatic air filtration; EUROCLIMA, Italy<\/span><\/li>\n<li><span style=\"color: #000000\">Santos Bendicho: How to use carpark ventilation for daily ventilation while saving energy consumption; Sodeca, Spain<\/span><\/li>\n<li><span style=\"color: #000000\">Ljupka Vrteva<sup>1<\/sup>, Uro\u0161 Stritih<sup>2<\/sup>: A computer program for predicting the required heat for air reheating in a mechanical ventilation system; Petrol, University of Lljubljana, Faculty of Mechanical Ingeneering,\u00a0 Slovenia<\/span><\/li>\n<li><span style=\"color: #000000\">Oleh Bondarenko: Influence of system effects on axial fan efficiency; Ruck, Germany<\/span><\/li>\n<li><span style=\"color: #000000\">Babi\u010d, N. Petkovi\u0107, M. Rado\u0161, S. Cvirn: Reducing the strain on the electricity grid with IR heating; Ekosen, Slovenia<\/span><\/li>\n<\/ol>\n<p><span style=\"color: #d32b2c;font-size: 14pt\"><strong><u>Section B2: Gases and hydrogen, digitization, energy regulation<br \/>\n<span style=\"font-size: 12pt;color: #000000\">Moderator: Dejan Koletnik<\/span><\/u><\/strong><\/span><\/p>\n<ol>\n<li><span style=\"color: #000000\">Marko Iler\u0161i\u010d: European hydrogen backbone \u2013 from planning to implementation; Plinovodi, Slovenia<\/span><\/li>\n<li><span style=\"color: #000000\">Marko Kogov\u0161ek: Carrying out interventions in the space near the gas pipeline systems &#8211; prevention and elimination of damage; Plinovodi, Slovenia<\/span><\/li>\n<li><span style=\"color: #000000\">Oton Gortnar: Operation of the gas transmission system in changed conditions; Plinovodi, Slovenia<\/span><\/li>\n<li><span style=\"color: #000000\">Tadej Fajfar: Compensation of heat distributors from district heating systems and regulation of the heat price; Energy Agency, Slovenia<\/span><\/li>\n<li><span style=\"color: #000000\">Roman Truden: Digitalization of energy systems &#8211; district heating; GIA-S, SAMSON, Slovenia<\/span><\/li>\n<li><span style=\"color: #000000\">Jan Skomina: Smart pressure independent control as enabler for energy source efficiency; Danfoss Trata, Slovenia<\/span><\/li>\n<\/ol>\n<p><span style=\"color: #000000\"><strong><span style=\"font-size: 14pt\"><br \/>\n<\/span><\/strong><strong><span style=\"font-size: 14pt\">20.00-24.00\u00a0\u00a0\u00a0 Gala dinner<\/span><\/strong><\/span><\/p>\n<p><span style=\"font-size: 18pt;color: #d32b2c\"><strong><u>Tuesday 4 June 2024<\/u><\/strong><\/span><\/p>\n<p><span style=\"color: #000000\"><strong><span style=\"font-size: 14pt\">10.00-12.00 \u00a0\u00a0 Parallel sessions<\/span><\/strong><\/span><\/p>\n<p><span style=\"color: #d32b2c;font-size: 14pt\"><strong><u>Section A3: Renewable resources, green transition<br \/>\n<span style=\"font-size: 12pt;color: #000000\">Moderator: Franc \u017dlahti\u010d<\/span><\/u><\/strong><\/span><\/p>\n<ol>\n<li><span style=\"color: #000000\">Lars Gullev: Increasing efficiency of existing biomass fired CHP in Koege; VEKS, Denmark<\/span><\/li>\n<li><span style=\"color: #000000\">Petar Vasiljevi\u0107: Fast,intelligent and profitable green conversion of the CITY &#8211; Phase III, \u00a0KGH Dru\u0161tvo, Serbia<\/span><\/li>\n<li><span style=\"color: #000000\">Primo\u017e Poredo\u0161<sup>1<\/sup>, He Shan<sup>2<\/sup>, Ruzhu Wang<sup>2<\/sup>, Eva Zavrl<sup>1<\/sup>, Tej \u017di\u017eak<sup>1<\/sup>, Sa\u0161o Medved<sup>1<\/sup>, Ciril Arkar<sup>1<\/sup>: Outer space as a source of renewable cooling energy; Laboratory for Sustainable Technologies in Buildings, Faculty of Mechanical Engineering, University of Ljubljana, Institute of Refrigeration and Cryogenics, Shanghai Jiao Tong University, Shanghai, China<\/span><\/li>\n<li><span style=\"color: #000000\">Drago Pavli\u010d, Bo\u0161tjan Me\u017ea: Inspection and maintenance of photovoltaic systems according to regulations and standards in Slovenia; ESOTECH, Slovenia<\/span><\/li>\n<li><span style=\"color: #000000\">Domen Hojkar, Rok Stropnik, Mitja Mori: Minimising the environmental impact of electricity consumption through a dynamic model of the carbon footprint; University of Ljubljana, Faculty of Mechanical Engineering, Slovenia<\/span><\/li>\n<li><span style=\"color: #000000\">Rok Stropnik, Jure Gramc, Mitja Mori: Economic potential of PT recycling as EU critical raw material from proton exchange membrane fuel cell stack for recycling industry; University of Ljubljana, Faculty of Mechanical Engineering, Slovenia<\/span><\/li>\n<\/ol>\n<p><span style=\"color: #d32b2c;font-size: 14pt\"><strong><u>Section B3: Heat pumps, Heating, cooling and ventilation<br \/>\n<span style=\"font-size: 12pt;color: #000000\">Moderator: Franc Marovt<\/span><\/u><\/strong><\/span><\/p>\n<ol>\n<li><span style=\"color: #000000\">Matja\u017e Ram\u0161ak, Jure Ravnik, Matja\u017e Hriber\u0161ek: Open source computational fluid dynamics for engineering simulations in HVAC; University of Maribor, Faculty of Mechanical Engineering, Slovenia<\/span><\/li>\n<li><span style=\"color: #000000\">Luka Rednak, Dean Besednjak: Utilising surface water heat for heating of buidings; Kronoterm, Slovenia<\/span><\/li>\n<li><span style=\"color: #000000\">David Krevs: Air heating and cooling (AHC) in nearly zero energy buildings (NZEB); Remty-R, Slovenia<\/span><\/li>\n<li><span style=\"color: #000000\">Janez Kova\u010d Myint: Determining the costs of investment, operation and maintenance of modular air conditioners EVENTO, Slovenia<\/span><\/li>\n<li><span style=\"color: #000000\">Nejc Kosednar, Franc Marovt: Heat pumps and noise; Kronoterm, Slovenia<\/span><\/li>\n<\/ol>\n<p><span style=\"color: #000000\"><span style=\"font-size: 14pt\"><br \/>\n<\/span><u><\/u><span style=\"font-size: 14pt\">12.00-12.30\u00a0\u00a0\u00a0 Coffee break<\/span><\/span><\/p>\n<p><span style=\"color: #000000\"><strong><span style=\"font-size: 14pt\"><br \/>\n<\/span><\/strong><span style=\"font-size: 14pt\"><strong>12.30-14.30 \u00a0\u00a0 Sessions<\/strong><\/span><\/span><\/p>\n<p><span style=\"color: #d32b2c;font-size: 14pt\"><strong><u>Section A4: Energy efficiency, LCA<br \/>\n<span style=\"font-size: 12pt;color: #000000\">Moderator: Primo\u017e Poredo\u0161<\/span><\/u><\/strong><\/span><\/p>\n<ol>\n<li><span style=\"color: #000000\">Jure Gramc, Franci Pu\u0161avec, Mitja Mori: The importance of the LCA modelling approach in the manufacturing phase of PEM fuel cells; University of Ljubljana, Faculty of Mechanical Engineering, Slovenia<\/span><\/li>\n<li><span style=\"color: #000000\">Jelena Topi\u0107 Bo\u017ei\u010d<sup>1,2<\/sup>, Simon Muhi\u010d<sup>1,2,3<\/sup>: Use of life cycle assessment (LCA) for environmental impact assessment of energy system decarbonization;\u00a0<sup>1<\/sup>Rudolfovo \u2013 Science and Technology Centre Novo mesto, <sup>2<\/sup>Faculty of Industrial engineering Novo mesto, <sup>2<\/sup>INOVEKS, d.o.o., Slovenia<\/span><\/li>\n<li><span style=\"color: #000000\">Katja Klinar<sup>1<\/sup>, Marko Keber<sup>1<\/sup>, Tine Seljak<sup>1<\/sup>, Janez Ram\u0161ak<sup>2<\/sup>, Gregor Cvet<sup>2<\/sup>, Miha Bobi\u010d<sup>3<\/sup>, Andrej Kitanovski<sup>1<\/sup>: Analysing the influence of stable and lower consumer return temperature on heat losses in an isolated branch of a district heating system;\u00a0<sup>1<\/sup>Faculty of Mechanical Engineering, University of Ljubljana,\u00a0<sup>2<\/sup>Komunalno podjetje Velenje,\u00a0<sup>3<\/sup>Danfoss Trata, Slovenia<\/span><\/li>\n<li><span style=\"color: #000000\">Rok Stropnik, Domen Hojkar, Mihael Sekav\u010dnik, Mitja Mori: Environmental life cycle assessment of air source heat pump and condensing gas boilerfor singlefamily households; Faculty of Mechanical Engineering, University of Ljubljana, Slovenia<\/span><\/li>\n<li><span style=\"color: #000000\">Bor Levi\u010dnik<sup>1<\/sup>, \u017diga Debevec<sup>1<\/sup>, Andrej Pape\u017e<sup>2<\/sup>, Mirko Smoli\u010d<sup>2<\/sup> waste heat recovery from cleaning plant for the hot water production with a water-water heat PUMP;\u00a0<sup>1<\/sup>Valmor,\u00a0<sup>2<\/sup>Ensi, Slovenia<\/span><\/li>\n<li><span style=\"color: #000000\">Luigi Rossettini; Key factors to design heat pumps and multipurpose systems; Aermec, Italy<\/span><\/li>\n<\/ol>\n<p><span style=\"color: #000000\"><u><\/u><strong><span style=\"font-size: 14pt\">14.30-15.00\u00a0\u00a0\u00a0 Conference closing<\/span><\/strong><\/span><\/p>\n<\/div><div class=\"fusion-clearfix\"><\/div><\/div><\/div><\/div><\/div>\n","protected":false},"excerpt":{"rendered":"","protected":false},"author":1,"featured_media":0,"parent":0,"menu_order":0,"comment_status":"closed","ping_status":"open","template":"","meta":{"_monsterinsights_skip_tracking":false,"_monsterinsights_sitenote_active":false,"_monsterinsights_sitenote_note":"","_monsterinsights_sitenote_category":0,"footnotes":""},"class_list":["post-14058","page","type-page","status-publish","hentry"],"yoast_head":"<!-- This site is optimized with the Yoast SEO plugin v27.3 - https:\/\/yoast.com\/product\/yoast-seo-wordpress\/ -->\n<title>Programme SZE 2024 - Slovenian Energy Association<\/title>\n<meta name=\"description\" content=\"Final programme International conference of SZE 2024\" \/>\n<meta name=\"robots\" content=\"index, follow, max-snippet:-1, max-image-preview:large, max-video-preview:-1\" \/>\n<link rel=\"canonical\" href=\"https:\/\/www.sze.si\/en\/programme-sze-2024\/\" \/>\n<meta property=\"og:locale\" content=\"en_US\" \/>\n<meta property=\"og:type\" content=\"article\" \/>\n<meta property=\"og:title\" content=\"Programme SZE 2024 - Slovenian Energy Association\" \/>\n<meta property=\"og:description\" content=\"Final programme International conference of SZE 2024\" \/>\n<meta property=\"og:url\" content=\"https:\/\/www.sze.si\/en\/programme-sze-2024\/\" \/>\n<meta property=\"og:site_name\" content=\"Slovenian Energy Association\" \/>\n<meta property=\"article:modified_time\" content=\"2024-06-02T08:29:08+00:00\" \/>\n<meta name=\"twitter:card\" content=\"summary_large_image\" \/>\n<meta name=\"twitter:label1\" content=\"Est. reading time\" \/>\n\t<meta name=\"twitter:data1\" content=\"6 minutes\" \/>\n<script type=\"application\/ld+json\" class=\"yoast-schema-graph\">{\"@context\":\"https:\\\/\\\/schema.org\",\"@graph\":[{\"@type\":\"WebPage\",\"@id\":\"https:\\\/\\\/www.sze.si\\\/en\\\/programme-sze-2024\\\/\",\"url\":\"https:\\\/\\\/www.sze.si\\\/en\\\/programme-sze-2024\\\/\",\"name\":\"Programme SZE 2024 - Slovenian Energy Association\",\"isPartOf\":{\"@id\":\"https:\\\/\\\/www.sze.si\\\/en\\\/#website\"},\"datePublished\":\"2023-11-26T22:56:12+00:00\",\"dateModified\":\"2024-06-02T08:29:08+00:00\",\"description\":\"Final programme International conference of SZE 2024\",\"breadcrumb\":{\"@id\":\"https:\\\/\\\/www.sze.si\\\/en\\\/programme-sze-2024\\\/#breadcrumb\"},\"inLanguage\":\"en-US\",\"potentialAction\":[{\"@type\":\"ReadAction\",\"target\":[\"https:\\\/\\\/www.sze.si\\\/en\\\/programme-sze-2024\\\/\"]}]},{\"@type\":\"BreadcrumbList\",\"@id\":\"https:\\\/\\\/www.sze.si\\\/en\\\/programme-sze-2024\\\/#breadcrumb\",\"itemListElement\":[{\"@type\":\"ListItem\",\"position\":1,\"name\":\"Home\",\"item\":\"https:\\\/\\\/www.sze.si\\\/en\\\/\"},{\"@type\":\"ListItem\",\"position\":2,\"name\":\"Programme SZE 2024\"}]},{\"@type\":\"WebSite\",\"@id\":\"https:\\\/\\\/www.sze.si\\\/en\\\/#website\",\"url\":\"https:\\\/\\\/www.sze.si\\\/en\\\/\",\"name\":\"Slovensko zdru\u017eenje za energetiko\",\"description\":\"SZE\",\"publisher\":{\"@id\":\"https:\\\/\\\/www.sze.si\\\/en\\\/#organization\"},\"potentialAction\":[{\"@type\":\"SearchAction\",\"target\":{\"@type\":\"EntryPoint\",\"urlTemplate\":\"https:\\\/\\\/www.sze.si\\\/en\\\/?s={search_term_string}\"},\"query-input\":{\"@type\":\"PropertyValueSpecification\",\"valueRequired\":true,\"valueName\":\"search_term_string\"}}],\"inLanguage\":\"en-US\"},{\"@type\":\"Organization\",\"@id\":\"https:\\\/\\\/www.sze.si\\\/en\\\/#organization\",\"name\":\"Slovensko zdru\u017eenje za energetiko\",\"url\":\"https:\\\/\\\/www.sze.si\\\/en\\\/\",\"logo\":{\"@type\":\"ImageObject\",\"inLanguage\":\"en-US\",\"@id\":\"https:\\\/\\\/www.sze.si\\\/en\\\/#\\\/schema\\\/logo\\\/image\\\/\",\"url\":\"https:\\\/\\\/www.sze.si\\\/wp-content\\\/uploads\\\/2019\\\/02\\\/SZE_logo_230x77.png\",\"contentUrl\":\"https:\\\/\\\/www.sze.si\\\/wp-content\\\/uploads\\\/2019\\\/02\\\/SZE_logo_230x77.png\",\"width\":230,\"height\":77,\"caption\":\"Slovensko zdru\u017eenje za energetiko\"},\"image\":{\"@id\":\"https:\\\/\\\/www.sze.si\\\/en\\\/#\\\/schema\\\/logo\\\/image\\\/\"}}]}<\/script>\n<!-- \/ Yoast SEO plugin. -->","yoast_head_json":{"title":"Programme SZE 2024 - Slovenian Energy Association","description":"Final programme International conference of SZE 2024","robots":{"index":"index","follow":"follow","max-snippet":"max-snippet:-1","max-image-preview":"max-image-preview:large","max-video-preview":"max-video-preview:-1"},"canonical":"https:\/\/www.sze.si\/en\/programme-sze-2024\/","og_locale":"en_US","og_type":"article","og_title":"Programme SZE 2024 - Slovenian Energy Association","og_description":"Final programme International conference of SZE 2024","og_url":"https:\/\/www.sze.si\/en\/programme-sze-2024\/","og_site_name":"Slovenian Energy Association","article_modified_time":"2024-06-02T08:29:08+00:00","twitter_card":"summary_large_image","twitter_misc":{"Est. reading time":"6 minutes"},"schema":{"@context":"https:\/\/schema.org","@graph":[{"@type":"WebPage","@id":"https:\/\/www.sze.si\/en\/programme-sze-2024\/","url":"https:\/\/www.sze.si\/en\/programme-sze-2024\/","name":"Programme SZE 2024 - Slovenian Energy Association","isPartOf":{"@id":"https:\/\/www.sze.si\/en\/#website"},"datePublished":"2023-11-26T22:56:12+00:00","dateModified":"2024-06-02T08:29:08+00:00","description":"Final programme International conference of SZE 2024","breadcrumb":{"@id":"https:\/\/www.sze.si\/en\/programme-sze-2024\/#breadcrumb"},"inLanguage":"en-US","potentialAction":[{"@type":"ReadAction","target":["https:\/\/www.sze.si\/en\/programme-sze-2024\/"]}]},{"@type":"BreadcrumbList","@id":"https:\/\/www.sze.si\/en\/programme-sze-2024\/#breadcrumb","itemListElement":[{"@type":"ListItem","position":1,"name":"Home","item":"https:\/\/www.sze.si\/en\/"},{"@type":"ListItem","position":2,"name":"Programme SZE 2024"}]},{"@type":"WebSite","@id":"https:\/\/www.sze.si\/en\/#website","url":"https:\/\/www.sze.si\/en\/","name":"Slovensko zdru\u017eenje za energetiko","description":"SZE","publisher":{"@id":"https:\/\/www.sze.si\/en\/#organization"},"potentialAction":[{"@type":"SearchAction","target":{"@type":"EntryPoint","urlTemplate":"https:\/\/www.sze.si\/en\/?s={search_term_string}"},"query-input":{"@type":"PropertyValueSpecification","valueRequired":true,"valueName":"search_term_string"}}],"inLanguage":"en-US"},{"@type":"Organization","@id":"https:\/\/www.sze.si\/en\/#organization","name":"Slovensko zdru\u017eenje za energetiko","url":"https:\/\/www.sze.si\/en\/","logo":{"@type":"ImageObject","inLanguage":"en-US","@id":"https:\/\/www.sze.si\/en\/#\/schema\/logo\/image\/","url":"https:\/\/www.sze.si\/wp-content\/uploads\/2019\/02\/SZE_logo_230x77.png","contentUrl":"https:\/\/www.sze.si\/wp-content\/uploads\/2019\/02\/SZE_logo_230x77.png","width":230,"height":77,"caption":"Slovensko zdru\u017eenje za energetiko"},"image":{"@id":"https:\/\/www.sze.si\/en\/#\/schema\/logo\/image\/"}}]}},"_links":{"self":[{"href":"https:\/\/www.sze.si\/en\/wp-json\/wp\/v2\/pages\/14058","targetHints":{"allow":["GET"]}}],"collection":[{"href":"https:\/\/www.sze.si\/en\/wp-json\/wp\/v2\/pages"}],"about":[{"href":"https:\/\/www.sze.si\/en\/wp-json\/wp\/v2\/types\/page"}],"author":[{"embeddable":true,"href":"https:\/\/www.sze.si\/en\/wp-json\/wp\/v2\/users\/1"}],"replies":[{"embeddable":true,"href":"https:\/\/www.sze.si\/en\/wp-json\/wp\/v2\/comments?post=14058"}],"version-history":[{"count":3,"href":"https:\/\/www.sze.si\/en\/wp-json\/wp\/v2\/pages\/14058\/revisions"}],"predecessor-version":[{"id":14448,"href":"https:\/\/www.sze.si\/en\/wp-json\/wp\/v2\/pages\/14058\/revisions\/14448"}],"wp:attachment":[{"href":"https:\/\/www.sze.si\/en\/wp-json\/wp\/v2\/media?parent=14058"}],"curies":[{"name":"wp","href":"https:\/\/api.w.org\/{rel}","templated":true}]}}