{"id":12386,"date":"2022-12-11T19:41:30","date_gmt":"2022-12-11T17:41:30","guid":{"rendered":"https:\/\/www.sze.si\/?page_id=12386"},"modified":"2023-06-04T09:35:21","modified_gmt":"2023-06-04T07:35:21","slug":"final-programme-sze-2023","status":"publish","type":"page","link":"https:\/\/www.sze.si\/en\/final-programme-sze-2023\/","title":{"rendered":"Programme SZE 2023"},"content":{"rendered":"<div class=\"fusion-fullwidth fullwidth-box fusion-builder-row-1 nonhundred-percent-fullwidth non-hundred-percent-height-scrolling\" style=\"--awb-border-radius-top-left:0px;--awb-border-radius-top-right:0px;--awb-border-radius-bottom-right:0px;--awb-border-radius-bottom-left:0px;--awb-flex-wrap:wrap;\" ><div class=\"fusion-builder-row fusion-row\"><div class=\"fusion-layout-column fusion_builder_column fusion-builder-column-0 fusion_builder_column_1_1 1_1 fusion-one-full fusion-column-first fusion-column-last\" style=\"--awb-bg-size:cover;--awb-margin-bottom:0px;\"><div class=\"fusion-column-wrapper fusion-flex-column-wrapper-legacy\"><div class=\"fusion-text fusion-text-1\" style=\"--awb-text-transform:none;\"><p style=\"text-align: center\"><span style=\"color: #008080\"><strong><span style=\"font-size: 18pt\">International Conference of SZE 2023<\/span><\/strong><\/span><\/p>\n<p style=\"text-align: center\"><span style=\"color: #008080\"><strong><span style=\"font-size: 18pt\">Grand Hotel Bernardin, Portoro\u017e, Slovenia<br \/>\nfrom 4 to 6 June 2023<\/span><\/strong><\/span><\/p>\n<p><span style=\"text-decoration: underline\"><span style=\"color: #008080;font-size: 18pt;text-decoration: underline\"><strong>Sunday, 4 June 2023<\/strong><\/span><\/span><\/p>\n<p><span style=\"color: #008080\"><strong><span style=\"font-size: 14pt\">16.00-18.00 Setting up of exhibition booths<\/span><\/strong><\/span><br \/>\n<span style=\"color: #008080\"><strong><span style=\"font-size: 14pt\">17.00-18.00 SEA general assembly<\/span><\/strong><\/span><br \/>\n<span style=\"color: #008080\"><strong><span style=\"font-size: 14pt\">19.00-22.00 Reception &#8211; <span style=\"color: #1675bf\"><a style=\"color: #1675bf\" href=\"\/\/www.sze.si\/en\/reception-2023-location\/\">location &amp; details&gt;&gt;<\/a><\/span><\/span><\/strong><\/span><\/p>\n<p><span style=\"text-decoration: underline\"><span style=\"font-size: 18pt;color: #008080;text-decoration: underline\"><strong>Monday, 5 June 2023<\/strong><\/span><\/span><\/p>\n<p><span style=\"font-size: 14pt;color: #008080\"><strong>09.00-10.00\u00a0\u00a0\u00a0 Registration<br \/>\n10.00-10.20\u00a0\u00a0\u00a0 Opening of the conference and welcome address<\/strong><\/span><\/p>\n<ul>\n<li><strong>Jo\u017ee Torkar<\/strong>, COO, Resalta<\/li>\n<li><strong>Alojz Poredo\u0161<\/strong>, President, Slovenian Energy Association<\/li>\n<li><strong>Bojan Kumer<\/strong>, Minister, Ministry of the Environment, Climate and Energy<\/li>\n<\/ul>\n<p><span style=\"font-size: 14pt;color: #008080\"><strong>10.20-11.20\u00a0 \u00a0 Plenary lectures<\/strong><\/span><\/p>\n<ul>\n<li><strong>Toma\u017e Katra\u0161nik<\/strong>, Head of Laboratory for Internal Combustion Engines and Electromobility, Faculty of Mechanical Engineering, University of Ljubljana<br \/>\nAn expedition from macro systems to nano structures through the prism of the challenges of modern energy<\/li>\n<li><strong>Toma\u017e \u017dagar<\/strong>, President of Nuclear Society of Slovenia<br \/>\nRole and potential of nuclear energy in Slovenia: meeting energy and climate goals efficiently<\/li>\n<li><strong>Simon Sav\u0161ek<\/strong>, Head of the EIB Group office in Slovenia<br \/>\nGreen transition &amp; energy efficiency : The role of the European Investment Bank Group<\/li>\n<\/ul>\n<p><span style=\"font-size: 14pt;color: #008080\"><strong>11.20-11.35\u00a0 \u00a0 Coffee break<\/strong><\/span><\/p>\n<p><span style=\"font-size: 14pt\"><strong><span style=\"color: #008080\">11.35-12.00\u00a0 \u00a0Presentation of the golden sponsors: Danfoss, Bossplast, INNIO Jenbacher GmbH &amp; Co OG<\/span><\/strong><\/span><\/p>\n<p><span style=\"font-size: 14pt;color: #008080\"><strong>12.00-13.00\u00a0 \u00a0 Panel discussion<\/strong><\/span><\/p>\n<p><strong>Theme: Energy efficiency and sustainable, reliable and affordable energy supply<br \/>\n<\/strong>Introduction to panel discussion: Andrej Kitanovski, Head of Laboratory for Refrigeration and District Energy, Faculty of Mechanical Engineering, University of Ljubljana<\/p>\n<p>Moderators: <strong>Andrej Kitanovski and Mateja Panjan<\/strong><\/p>\n<p>Participants:<\/p>\n<ul style=\"list-style-type: disc\">\n<li><strong>Du\u0161ka Godina<\/strong>, Energy Agency RS<\/li>\n<li><strong>Martin Nov\u0161ak<\/strong>, GEN energija<\/li>\n<li><strong>Marjan Eberlinc<\/strong>, Plinovodi<\/li>\n<li><strong>Aleksander Mervar<\/strong>, ELES<\/li>\n<li><strong>Primo\u017e \u0160kerl<\/strong>, Energetika Ljubljana<\/li>\n<li><strong>Jo\u017ee Torkar<\/strong>, Resalta<\/li>\n<li><strong>Robert \u0160ipec<\/strong>, Ministry of Defence RS<\/li>\n<\/ul>\n<p><strong><span style=\"color: #008080;font-size: 14pt\">13.00-14.00\u00a0\u00a0\u00a0 Lunch<\/span><\/strong><\/p>\n<p><span style=\"font-size: 14pt;color: #008080\"><strong>14.00-16.00 \u00a0\u00a0 Parallel sessions<\/strong><\/span><\/p>\n<p><span style=\"color: #008080\"><strong><u><a id=\"sectiona1\"><\/a>SECTION A1: District heating and cooling, RES<br \/>\n<\/u><\/strong><strong>Moderator: Jo\u017ee Torkar<\/strong><\/span><\/p>\n<ol>\n<li><strong>ProjectZero \u2013 a zerocarbon city of Sonderborg, DK by 2029<\/strong><br \/>\nLars Gullev, Senior consultant; VEKS, Denmark<\/li>\n<li><strong>Energy costs increase and regulation of the heat price<\/strong><br \/>\nTadej Fajfar; Energy Agency, Slovenia<\/li>\n<li><strong>Improved district heating return temperatures by aftercooling concept<\/strong><br \/>\nJan Eric Thorsen, Oddgeir Gudmundsson, Marek Brand; Danfoss Climate Segment, Nordborg, Denmark<\/li>\n<li><strong>New innovative solution for online detection of leaks in district heating network<br \/>\n<\/strong>Ljubi\u0161a Vladi\u0107<sup>1<\/sup>, Milo\u0161 Vuja\u0161evi\u0107<sup>1<\/sup>, Kosta Majki\u0107<sup>2<\/sup>; <sup>1<\/sup>PUC \u201cBeogradske elektrane\u201d, <sup>2<\/sup>\u201cMajki\u0107\u201d d.o.o, Serbia<\/li>\n<li><strong>Energy vision of Energetika Maribor in the field of sustainable heat supply<br \/>\n<\/strong>Matija Meden, Alen Kolman, Miran Ro\u017eman; Javno podjetje Energetika Maribor d.o.o., Slovenia<\/li>\n<\/ol>\n<p><span style=\"color: #008080\"><strong><u><a id=\"sectionb1\"><\/a>SECTION B1: Heating, cooling, air conditioning and ventilation in buildings<br \/>\n<\/u><\/strong><strong>Moderator: Gregor Jegli\u010d<\/strong><\/span><\/p>\n<ol>\n<li><strong>Air quality and radon concentration in school and kindergarten premises<\/strong><br \/>\nSimon Muhi\u010d<sup>1,2,3,4<\/sup>, Tatjana Muhi\u010d<sup>1,2<\/sup>; <sup>1<\/sup>In\u0161titut za obnovljive vire energije in u\u010dinkovito rabo eksergije, INOVEKS, d.o.o., <sup>2<\/sup>SIMUTEH, Dr. Simon Muhi\u010d s.p., <sup>3<\/sup>Rudolfovo \u2013 Znanstveno in tehnolo\u0161ko sredi\u0161\u010de Novo mesto, <sup>4<\/sup>Fakulteta za industrijski in\u017eeniring Novo mesto, Slovenia<\/li>\n<li><strong>Meeting Slovenia&#8217;s climate goals: the impact of decentralized ventilation with heat recovery on residential buildings<br \/>\n<\/strong>Robert Heinze; getAir GmbH, University of Applied Science, D\u00fcsseldorf, Germany<\/li>\n<li><strong>Quality criteria for air handling units<\/strong><br \/>\nAlexander Feichter; EUROCLIMA AG, Italy<\/li>\n<li><strong>Air treatment systems with variable flow control<\/strong><br \/>\nLorenzo Rossi, Sintra Sales Director; Sintra, Italy<\/li>\n<li><strong>Optimizing the performance of &#8220;coil to coil&#8221; heat recovery systems<\/strong><br \/>\nJanez Kova\u010d Myint; AL-KO THERM d.o.o., Slovenia<\/li>\n<\/ol>\n<p><span style=\"font-size: 14pt;color: #008080\"><strong>16.00-16.30\u00a0\u00a0\u00a0 Coffee break<\/strong><\/span><\/p>\n<p><span style=\"font-size: 14pt;color: #008080\"><strong>\u00a0<\/strong><\/span><\/p>\n<p><span style=\"font-size: 14pt;color: #008080\"><strong>16.30-18.10 \u00a0\u00a0 Parallel sessions<\/strong><\/span><\/p>\n<p><span style=\"color: #008080\"><strong><u><a id=\"sectiona2\"><\/a>SECTION A2:\u00a0 Gas and electricity supply<br \/>\n<\/u><\/strong><strong>Moderator: Dejan Koletnik<\/strong><\/span><\/p>\n<ol>\n<li><strong>A sigmoid regression and artificial neural network models for day-ahead natural gas usage forecasting<br \/>\n<\/strong>Jure Ravnik, Matja\u017e Hriber\u0161ek, Matja\u017e Ram\u0161ak; Faculty of Mechanical Engineering, University of Maribor, Slovenia<\/li>\n<li><strong>Adjustments of the European gas system to the changed geopolitical situation and a look ahead<\/strong><br \/>\nMarko Iler\u0161i\u010d; Plinovodi d.o.o., Slovenia<\/li>\n<li><strong>Production of hydrogen and synthetic methane with nuclear power plants<\/strong><br \/>\nKaja Zupan\u010di\u010d, Jure Jazbin\u0161ek, Toma\u017e \u017dagar; Gen energija, Slovenia<\/li>\n<li><strong>Unified information system for the gas sector<\/strong><br \/>\nMarko \u0160irovnik; Plinovodi d.o.o., Slovenia<\/li>\n<li><strong>Reform of network charging for electricity networks<\/strong><br \/>\nMojca \u0160panring; Energy Agency, Slovenia<\/li>\n<\/ol>\n<p><span style=\"color: #008080\"><strong><u><a id=\"sectionb2\"><\/a>SECTION B2: Heating, cooling, air conditioning and ventilation in buildings<br \/>\n<\/u><\/strong><strong>Moderator: Gregor Jegli\u010d<\/strong><\/span><u><\/u><\/p>\n<ol>\n<li><strong>Heating of the sports tent and dimensioning of the heat storage (short-term or daily storage (day\/night)) and heat pumps<\/strong><br \/>\nGa\u0161per Brunskole<sup>1,2<\/sup>, Gregor Jegli\u010d<sup>1<\/sup>, Uro\u0161 Stritih<sup>2<\/sup>; <sup>1<\/sup>Bossplast d.o.o., <sup>2<\/sup>Faculty of Mechanical Engineering, University of Ljubljana, Slovenia<\/li>\n<li><strong>Challenges of modern calculation of energy use for heating in contemporary buildings<\/strong><br \/>\nSabina Jordan, Jo\u017ee Hafner; Zavod za gradbeni\u0161tvo Slovenije, Slovenia<\/li>\n<li><strong>Artificial intelligence &#8211; a tool for management of energy services in buildings<\/strong><br \/>\nRadmilo Savi\u0107, Tatjana Tomi\u0107-Jankovi\u0107, Neboj\u0161a Diki\u0107; PUC \u201cBeogradske elektrane\u201d, Serbia<\/li>\n<li><strong>Efficient energy distribution within buildings with installed solar PV systems and\/or battery systems<\/strong><br \/>\nHrvoje Lasi\u0107; muonio.me<\/li>\n<li><strong>Hybrid power plants: the power to decarbonize<\/strong><br \/>\nBenjamin \u010cerno\u0161a, Andrej Ljubenko; Siemens Energy d.o.o., Slovenia<\/li>\n<\/ol>\n<p><span style=\"font-size: 14pt;color: #008080\"><strong>20.00-24.00\u00a0\u00a0\u00a0 Gala dinner &#8211; Grand hotel Bernardin, lobby<\/strong><\/span><\/p>\n<p><span style=\"font-size: 18pt;color: #008080\"><strong><u>Tuesday, 6. June 2023<\/u><\/strong><\/span><\/p>\n<p><span style=\"font-size: 14pt;color: #008080\"><strong>10.00-12.00 \u00a0\u00a0 Parallel sessions<\/strong><\/span><\/p>\n<p><span style=\"color: #008080\"><strong><u><a id=\"sectiona3\"><\/a>SECTION A3:\u00a0 District heating and cooling, RES<br \/>\n<\/u><\/strong><strong>Moderator: Amer Karabegovi\u0107<\/strong><\/span><\/p>\n<ol>\n<li><strong>Challenges of heat generation for DH systems &#8211; within and beyond the regulations<\/strong><br \/>\nAmer Karabegovi\u010d; Danfoss, Slovenia<\/li>\n<li><strong>Sustainability plans of district heating and cooling systems<br \/>\n<\/strong>Aleksander Trupej; Agencija za energijo, Slovenia<\/li>\n<li><strong>Energy prices rises: how it influences reconstruction and modernization process of district heating system?<\/strong><br \/>\nDejan Jovi\u0161evi\u0107; Eko toplane Banja Luka, Bosnia and Herzegovina<\/li>\n<li><strong>Increasing the share of RES in District Heating &#8211; an essential link in the decarbonization of Serbia<\/strong><br \/>\nPetar Vasiljevi\u0107; JKP &#8220;Beogradske elektrane&#8221;, Serbia<\/li>\n<li><strong>Optimizing the size of the heat storage for a district heating system<\/strong><br \/>\nLuka Bregar<sup>1<\/sup>, Eneja Osterman<sup>1<\/sup>, Uro\u0161 Stritih<sup>2<\/sup>; <sup>1<\/sup>Interenergo d.o.o., <sup>2<\/sup>Faculty of Mechanical Engineering, University of Ljubljana, Slovenia<\/li>\n<li><strong>Overview of scalability potential of SCADA system in the \u201cNovi Beograd\u201d heating plant<br \/>\n<\/strong>Tatjana Nu\u0161i\u0107, Dubravka Jovan\u010di\u0107; DH \u201cBeogradske elektrane\u201c, Serbia<\/li>\n<\/ol>\n<p><span style=\"color: #008080\"><strong><u><a id=\"sectionb3\"><\/a>SECTION B3: Heat pumps, cooling systems<br \/>\n<\/u><\/strong><strong>Moderator: Dean Besednjak<\/strong><\/span><\/p>\n<ol>\n<li><strong>Waste heat usage for heat pump heating<br \/>\n<\/strong>Primo\u017e Flis; Resalta, Slovenia<\/li>\n<li><strong>Developments on thermoelectric heat pump booster for low temperature district heating substation<\/strong><br \/>\nTomc<sup>1<\/sup>, B. Vidrih<sup>1<\/sup>, S. Bogi\u0107<sup>1<\/sup>, J. Perne<sup>1<\/sup>, M. Bobi\u010d<sup>2<\/sup>, A. Kitanovski<sup>1<\/sup>; <sup>1<\/sup>Laboratory for Refrigeration and District Energy, Faculty of Mechanical Engineering, University of Ljubljana, <sup>2<\/sup>Danfoss Trata d.o.o, Ljubljana, Slovenia<\/li>\n<li><strong>Desiccant-coated heat pump technology for low-carbon air-conditioning<\/strong><br \/>\nPrimo\u017e Poredo\u0161<sup>1,2<\/sup>, Zhao Shao<sup>1<\/sup>, He Shana, Ruzhu Wang<sup>1<\/sup>; <sup>1<\/sup>Institute of Refrigeration and Cryogenics, Shanghai Jiao Tong University, Shanghai 200240, China, <sup>2<\/sup>Faculty of Mechanical Engineering, University of Ljubljana, Slovenia<\/li>\n<li><strong>Heat pumps for medium- and higher-temperature heat sources<\/strong><br \/>\nLuka Rednak; Kronoterm d.o.o., Slovenia<\/li>\n<li><strong>Key factors to Design heat pumps and multipurpose systems<\/strong><br \/>\nLuigi Rossettini, International Director AERMEC \/ AICARR member, Italy<\/li>\n<\/ol>\n<p><strong><br \/>\n<span style=\"font-size: 14pt;color: #008080\">12.00-12.30\u00a0\u00a0\u00a0 Coffee break<\/span><\/strong><\/p>\n<p><span style=\"font-size: 14pt;color: #008080\"><strong><br \/>\n12.30-14.30 \u00a0\u00a0 Sessions<\/strong><\/span><\/p>\n<p><span style=\"color: #008080\"><strong><u><a id=\"sectiona4\"><\/a>SECTION A4: Energy efficiency of components and systems<br \/>\n<\/u><\/strong><strong>Moderator: Dejan Koletnik<\/strong><\/span><\/p>\n<ol>\n<li><strong>Comprehensive approach to energy system optimization in industry<br \/>\n<\/strong>Uro\u0161 Glavina, \u017diga Ran\u010dov, Nejc Bo\u017ei\u010d, Marjan Brelih; Resalta d.o.o., Slovenia<\/li>\n<li><strong>Ecosystem of efficient energy management<\/strong><br \/>\nOlivera Ba\u0107ovi\u0107 Dolin\u0161ek, Rajko Dolin\u0161ek; Informa Echo, Slovenia<\/li>\n<li><strong>ALENOS \u2013 alternative energy supply for shooting ranges<\/strong><br \/>\nInes Osterc; Ministry of Defence, Slovenia<\/li>\n<li><strong>Production and properties of HTLS conductors<\/strong><strong><br \/>\n<\/strong>Peter Bark\u00f3czy; FUX Co., Hungary<\/li>\n<li><strong>Principle of operation and use of the chamber for testing heating elements<\/strong><br \/>\nMiran Muhi\u010d<sup>1<\/sup>, Matja\u017e Osojnik<sup>1<\/sup>, Matija Mati\u010di\u010d<sup>1<\/sup>, Matja\u017e Prek<sup>2<\/sup>, Ur\u0161ka Mlakar<sup>2<\/sup>, Uro\u0161 Stritih<sup>2<\/sup>; <sup>1<\/sup>Danfoss Trata, <sup>2<\/sup>Faculty of Mechanical Engineering, University of Ljubljana, Slovenia<\/li>\n<\/ol>\n<p><strong><br \/>\n<span style=\"font-size: 14pt;color: #008080\">14.30-15.00\u00a0\u00a0\u00a0 Conference closing<\/span><\/strong><\/p>\n<\/div><div class=\"fusion-clearfix\"><\/div><\/div><\/div><\/div><\/div>\n","protected":false},"excerpt":{"rendered":"","protected":false},"author":1,"featured_media":0,"parent":0,"menu_order":0,"comment_status":"closed","ping_status":"open","template":"","meta":{"_monsterinsights_skip_tracking":false,"_monsterinsights_sitenote_active":false,"_monsterinsights_sitenote_note":"","_monsterinsights_sitenote_category":0,"footnotes":""},"class_list":["post-12386","page","type-page","status-publish","hentry"],"yoast_head":"<!-- This site is optimized with the Yoast SEO plugin v27.6 - https:\/\/yoast.com\/product\/yoast-seo-wordpress\/ -->\n<title>Programme SZE 2023 - Slovenian Energy Association<\/title>\n<meta name=\"description\" content=\"Final programme International conference of SZE 2023\" \/>\n<meta name=\"robots\" content=\"index, follow, max-snippet:-1, max-image-preview:large, max-video-preview:-1\" \/>\n<link rel=\"canonical\" href=\"https:\/\/www.sze.si\/en\/final-programme-sze-2023\/\" \/>\n<meta property=\"og:locale\" content=\"en_US\" \/>\n<meta property=\"og:type\" content=\"article\" \/>\n<meta property=\"og:title\" content=\"Programme SZE 2023 - Slovenian Energy Association\" \/>\n<meta property=\"og:description\" content=\"Final programme International conference of SZE 2023\" \/>\n<meta property=\"og:url\" content=\"https:\/\/www.sze.si\/en\/final-programme-sze-2023\/\" \/>\n<meta property=\"og:site_name\" content=\"Slovenian Energy Association\" \/>\n<meta property=\"article:modified_time\" content=\"2023-06-04T07:35:21+00:00\" \/>\n<meta name=\"twitter:card\" content=\"summary_large_image\" \/>\n<meta name=\"twitter:label1\" content=\"Est. reading time\" \/>\n\t<meta name=\"twitter:data1\" content=\"6 minutes\" \/>\n<script type=\"application\/ld+json\" class=\"yoast-schema-graph\">{\"@context\":\"https:\\\/\\\/schema.org\",\"@graph\":[{\"@type\":\"WebPage\",\"@id\":\"https:\\\/\\\/www.sze.si\\\/en\\\/final-programme-sze-2023\\\/\",\"url\":\"https:\\\/\\\/www.sze.si\\\/en\\\/final-programme-sze-2023\\\/\",\"name\":\"Programme SZE 2023 - Slovenian Energy Association\",\"isPartOf\":{\"@id\":\"https:\\\/\\\/www.sze.si\\\/en\\\/#website\"},\"datePublished\":\"2022-12-11T17:41:30+00:00\",\"dateModified\":\"2023-06-04T07:35:21+00:00\",\"description\":\"Final programme International conference of SZE 2023\",\"breadcrumb\":{\"@id\":\"https:\\\/\\\/www.sze.si\\\/en\\\/final-programme-sze-2023\\\/#breadcrumb\"},\"inLanguage\":\"en-US\",\"potentialAction\":[{\"@type\":\"ReadAction\",\"target\":[\"https:\\\/\\\/www.sze.si\\\/en\\\/final-programme-sze-2023\\\/\"]}]},{\"@type\":\"BreadcrumbList\",\"@id\":\"https:\\\/\\\/www.sze.si\\\/en\\\/final-programme-sze-2023\\\/#breadcrumb\",\"itemListElement\":[{\"@type\":\"ListItem\",\"position\":1,\"name\":\"Home\",\"item\":\"https:\\\/\\\/www.sze.si\\\/en\\\/\"},{\"@type\":\"ListItem\",\"position\":2,\"name\":\"Programme SZE 2023\"}]},{\"@type\":\"WebSite\",\"@id\":\"https:\\\/\\\/www.sze.si\\\/en\\\/#website\",\"url\":\"https:\\\/\\\/www.sze.si\\\/en\\\/\",\"name\":\"Slovensko zdru\u017eenje za energetiko\",\"description\":\"SZE\",\"publisher\":{\"@id\":\"https:\\\/\\\/www.sze.si\\\/en\\\/#organization\"},\"potentialAction\":[{\"@type\":\"SearchAction\",\"target\":{\"@type\":\"EntryPoint\",\"urlTemplate\":\"https:\\\/\\\/www.sze.si\\\/en\\\/?s={search_term_string}\"},\"query-input\":{\"@type\":\"PropertyValueSpecification\",\"valueRequired\":true,\"valueName\":\"search_term_string\"}}],\"inLanguage\":\"en-US\"},{\"@type\":\"Organization\",\"@id\":\"https:\\\/\\\/www.sze.si\\\/en\\\/#organization\",\"name\":\"Slovensko zdru\u017eenje za energetiko\",\"url\":\"https:\\\/\\\/www.sze.si\\\/en\\\/\",\"logo\":{\"@type\":\"ImageObject\",\"inLanguage\":\"en-US\",\"@id\":\"https:\\\/\\\/www.sze.si\\\/en\\\/#\\\/schema\\\/logo\\\/image\\\/\",\"url\":\"https:\\\/\\\/www.sze.si\\\/wp-content\\\/uploads\\\/2019\\\/02\\\/SZE_logo_230x77.png\",\"contentUrl\":\"https:\\\/\\\/www.sze.si\\\/wp-content\\\/uploads\\\/2019\\\/02\\\/SZE_logo_230x77.png\",\"width\":230,\"height\":77,\"caption\":\"Slovensko zdru\u017eenje za energetiko\"},\"image\":{\"@id\":\"https:\\\/\\\/www.sze.si\\\/en\\\/#\\\/schema\\\/logo\\\/image\\\/\"}}]}<\/script>\n<!-- \/ Yoast SEO plugin. -->","yoast_head_json":{"title":"Programme SZE 2023 - Slovenian Energy Association","description":"Final programme International conference of SZE 2023","robots":{"index":"index","follow":"follow","max-snippet":"max-snippet:-1","max-image-preview":"max-image-preview:large","max-video-preview":"max-video-preview:-1"},"canonical":"https:\/\/www.sze.si\/en\/final-programme-sze-2023\/","og_locale":"en_US","og_type":"article","og_title":"Programme SZE 2023 - Slovenian Energy Association","og_description":"Final programme International conference of SZE 2023","og_url":"https:\/\/www.sze.si\/en\/final-programme-sze-2023\/","og_site_name":"Slovenian Energy Association","article_modified_time":"2023-06-04T07:35:21+00:00","twitter_card":"summary_large_image","twitter_misc":{"Est. reading time":"6 minutes"},"schema":{"@context":"https:\/\/schema.org","@graph":[{"@type":"WebPage","@id":"https:\/\/www.sze.si\/en\/final-programme-sze-2023\/","url":"https:\/\/www.sze.si\/en\/final-programme-sze-2023\/","name":"Programme SZE 2023 - Slovenian Energy Association","isPartOf":{"@id":"https:\/\/www.sze.si\/en\/#website"},"datePublished":"2022-12-11T17:41:30+00:00","dateModified":"2023-06-04T07:35:21+00:00","description":"Final programme International conference of SZE 2023","breadcrumb":{"@id":"https:\/\/www.sze.si\/en\/final-programme-sze-2023\/#breadcrumb"},"inLanguage":"en-US","potentialAction":[{"@type":"ReadAction","target":["https:\/\/www.sze.si\/en\/final-programme-sze-2023\/"]}]},{"@type":"BreadcrumbList","@id":"https:\/\/www.sze.si\/en\/final-programme-sze-2023\/#breadcrumb","itemListElement":[{"@type":"ListItem","position":1,"name":"Home","item":"https:\/\/www.sze.si\/en\/"},{"@type":"ListItem","position":2,"name":"Programme SZE 2023"}]},{"@type":"WebSite","@id":"https:\/\/www.sze.si\/en\/#website","url":"https:\/\/www.sze.si\/en\/","name":"Slovensko zdru\u017eenje za energetiko","description":"SZE","publisher":{"@id":"https:\/\/www.sze.si\/en\/#organization"},"potentialAction":[{"@type":"SearchAction","target":{"@type":"EntryPoint","urlTemplate":"https:\/\/www.sze.si\/en\/?s={search_term_string}"},"query-input":{"@type":"PropertyValueSpecification","valueRequired":true,"valueName":"search_term_string"}}],"inLanguage":"en-US"},{"@type":"Organization","@id":"https:\/\/www.sze.si\/en\/#organization","name":"Slovensko zdru\u017eenje za energetiko","url":"https:\/\/www.sze.si\/en\/","logo":{"@type":"ImageObject","inLanguage":"en-US","@id":"https:\/\/www.sze.si\/en\/#\/schema\/logo\/image\/","url":"https:\/\/www.sze.si\/wp-content\/uploads\/2019\/02\/SZE_logo_230x77.png","contentUrl":"https:\/\/www.sze.si\/wp-content\/uploads\/2019\/02\/SZE_logo_230x77.png","width":230,"height":77,"caption":"Slovensko zdru\u017eenje za energetiko"},"image":{"@id":"https:\/\/www.sze.si\/en\/#\/schema\/logo\/image\/"}}]}},"_links":{"self":[{"href":"https:\/\/www.sze.si\/en\/wp-json\/wp\/v2\/pages\/12386","targetHints":{"allow":["GET"]}}],"collection":[{"href":"https:\/\/www.sze.si\/en\/wp-json\/wp\/v2\/pages"}],"about":[{"href":"https:\/\/www.sze.si\/en\/wp-json\/wp\/v2\/types\/page"}],"author":[{"embeddable":true,"href":"https:\/\/www.sze.si\/en\/wp-json\/wp\/v2\/users\/1"}],"replies":[{"embeddable":true,"href":"https:\/\/www.sze.si\/en\/wp-json\/wp\/v2\/comments?post=12386"}],"version-history":[{"count":4,"href":"https:\/\/www.sze.si\/en\/wp-json\/wp\/v2\/pages\/12386\/revisions"}],"predecessor-version":[{"id":12799,"href":"https:\/\/www.sze.si\/en\/wp-json\/wp\/v2\/pages\/12386\/revisions\/12799"}],"wp:attachment":[{"href":"https:\/\/www.sze.si\/en\/wp-json\/wp\/v2\/media?parent=12386"}],"curies":[{"name":"wp","href":"https:\/\/api.w.org\/{rel}","templated":true}]}}