{"id":11717,"date":"2022-05-19T21:13:53","date_gmt":"2022-05-19T19:13:53","guid":{"rendered":"https:\/\/www.sze.si\/?page_id=11717"},"modified":"2022-05-31T22:01:10","modified_gmt":"2022-05-31T20:01:10","slug":"final-programme-2022","status":"publish","type":"page","link":"https:\/\/www.sze.si\/en\/final-programme-2022\/","title":{"rendered":"Final programme SZE 2022"},"content":{"rendered":"<div class=\"fusion-fullwidth fullwidth-box fusion-builder-row-1 nonhundred-percent-fullwidth non-hundred-percent-height-scrolling\" style=\"--awb-border-radius-top-left:0px;--awb-border-radius-top-right:0px;--awb-border-radius-bottom-right:0px;--awb-border-radius-bottom-left:0px;--awb-flex-wrap:wrap;\" ><div class=\"fusion-builder-row fusion-row\"><div class=\"fusion-layout-column fusion_builder_column fusion-builder-column-0 fusion_builder_column_1_1 1_1 fusion-one-full fusion-column-first fusion-column-last\" style=\"--awb-bg-size:cover;--awb-margin-bottom:0px;\"><div class=\"fusion-column-wrapper fusion-flex-column-wrapper-legacy\"><div class=\"fusion-text fusion-text-1\" style=\"--awb-text-transform:none;\"><p><span style=\"color: #1675bf;font-size: 18pt\"><strong><u>Sunday, 5 June 2022<\/u><\/strong><\/span><\/p>\n<p><strong>15.00-18.00 Setting up of exhibition booths<br \/>\n<\/strong><strong>17.00-18.00 SEA general assembly<br \/>\n<\/strong><strong>19.00-21.00 Reception &#8211; Pizzeria Batana, Tartinijev trg 1, Piran<\/strong><\/p>\n<p><span style=\"font-size: 18pt;color: #0066b3\"><strong><u>Monday, 6 Jun 2022<\/u><\/strong><\/span><\/p>\n<p><span style=\"font-size: 14pt;color: #0066b3\"><strong>09.00-10.00 Registration<\/strong><\/span><\/p>\n<p><strong><br \/>\n<\/strong><span style=\"font-size: 14pt;color: #0066b3\"><strong><u>10.00-10.30 Opening of the conference and welcome address &#8211; moderator Mrs. Branka Bo\u017ei\u010d<\/u><\/strong><\/span><strong><u><br \/>\n<\/u><\/strong><strong>Gregor Jegli\u010d, Commercial Director &#8211; Bossplast d.o.o.<br \/>\nAlojz Poredo\u0161,\u00a0<\/strong><strong>President, Slovenian Energy Association<\/strong><br \/>\n<strong>Eva Willems, economic attacher at the German Embassy<br \/>\nMarjan Eberlinc, President, Energy Industry Chamber of Slovenia<br \/>\n<\/strong><strong>Government representative<\/strong><\/p>\n<p><span style=\"font-size: 14pt\"><strong><br \/>\n<\/strong><span style=\"color: #0066b3\"><strong><u>10.30-10.50 Plenary lectures<\/u><\/strong><\/span><\/span><\/p>\n<ul>\n<li><strong>Christian Zinglersen, Director ACER<\/strong><\/li>\n<li><strong>Du\u0161ka Godina,\u00a0Director of the Energy Agency<\/strong><\/li>\n<\/ul>\n<p><span style=\"font-size: 14pt;color: #0066b3\"><strong><u>10.50-11.10 Invited Lectures: Heat pump innovations and its role in 2060 China Carbon Neutral Strategies, Dr. R.Z. Wang (Chair Professor) Director, Institute of Shanghai Jiao Tong University \u00a0<\/u><\/strong><\/span><\/p>\n<p><span style=\"font-size: 14pt;color: #0066b3\"><strong><u>11.10-11.20 Andrej Kitanovski: New division &#8211; Heat pumps<\/u><\/strong><\/span><\/p>\n<p><span style=\"font-size: 14pt;color: #0066b3\"><strong><u>11.20-12.45 Panel discussion: Energy supply for heating, cooling and ventilation of the working and living environment<br \/>\n<\/u><\/strong><\/span><strong>Moderator: Mateja Panjan and Andrej Kitanovski<br \/>\n<\/strong><strong>Participants:<\/strong><\/p>\n<p><strong>\u2013 Uro\u0161 Salobir, ELES<br \/>\n&#8211; Ale\u0161 Vrhovec,<\/strong> <strong>GregorcVrhovec<\/strong> <strong>architects<br \/>\n&#8211; Miha Bobi\u010d, Danfoss<br \/>\n&#8211; Gregor Jegli\u010d, Bossplast<br \/>\n&#8211; Michele Vio, Aermec<br \/>\n&#8211; Bogdan Kronov\u0161ek, Kronoterm<br \/>\n&#8211; Damijan Dolinar, SID bank<br \/>\n&#8211; Jo\u017ee Torkar, Resalta <\/strong><\/p>\n<p><strong>Franc \u017dlahti\u010d, key listener<\/strong><\/p>\n<p><span style=\"text-decoration: underline;color: #0066b3\"><span style=\"font-size: 14pt\"><strong>12.50-13.00 Formal signing of association cooperation agreements SZE and <span lang=\"EN-GB\">District heating business association \u201cToplane Srbije\u201d\u00a0<\/span><\/strong><\/span><\/span><\/p>\n<p><span style=\"font-size: 14pt\"><strong>13.00-14.00\u00a0Lunch<\/strong><\/span><\/p>\n<p><span style=\"font-size: 14pt;color: #0066b3\"><strong>14.00- 16.00 Parallel sessions<\/strong><\/span><\/p>\n<p><strong><u><span style=\"font-size: 14pt;color: #0066b3\"><a id=\"sectiona1\"><\/a>SECTION\u00a0A1: District heating and cooling, RES<\/span><br \/>\n<\/u><\/strong><strong>Moderator: Jo\u017ee Torkar<\/strong><\/p>\n<ol>\n<li><strong>Carbon capture cluster Copenhagen (C4) including carbon capture at AVV CHP plan<br \/>\n<\/strong>Lars Gullev, CEO, VEKS \u2013 Denmark<\/li>\n<li><strong>How to enable efficient connection of the energy sectors and the use of sustainable energy sources when developing and updating district heating systems<br \/>\n<\/strong>Amer Karabegovi\u0107 and Milan Jungi\u010d, Danfoss Trata d.o.o., Slovenia<\/li>\n<li><strong>Green cities &#8211; Decarbonization of district heating in Serbia<br \/>\n<\/strong>Petar Vasiljevi\u0107, PUC \u201cBeogradske elektrane\u201d, Serbia<\/li>\n<li><strong>Challenges in implementing digitalization within the Belgrade district heating system with an aim of further work improvement<br \/>\n<\/strong>Tatjana Nu\u0161i\u0107, Dubravka Jovan\u010di\u0107, Petar Vasiljevi\u0107, Belgrade, Serbia<\/li>\n<li><strong>Conceptual design and study of the possibility of green transformation of district heating of the \u0160ale\u0161ka valley<br \/>\n<\/strong>Robert Hudournik and Nejc Koleri\u010d, Esotech, Miran Zager, In\u0161titut za daljinsko energetiko, Nejc Jurko, Institute KSSENA, Slovenia<\/li>\n<li><strong>DHN<\/strong> <strong>reconstruction in Tuzla with accent on suinstable heating source<br \/>\n<\/strong>Amel Husi\u0107, Suljo Sari\u0107, Aleksandar Hura, Grijanje Tuzla, Bosnia and Herzegovina<\/li>\n<\/ol>\n<p><strong><u><span style=\"font-size: 14pt;color: #0066b3\"><a id=\"sectionb1\"><\/a>SECTION B1 \u2013\u00a0Heating, cooling, air conditioning and ventilation in buildings<\/span><br \/>\n<\/u><\/strong><strong>Moderator: Gregor Jegli\u010d<\/strong><\/p>\n<ol>\n<li><strong>Ventilation of populated areas &#8211; ensuring good working and living conditions<br \/>\n<\/strong>Gregor Jegli\u010d, Bossplast d.o.o., Slovenia<\/li>\n<li><strong>Rehab(il)itation<br \/>\n<\/strong>Ale\u0161 Vrhovec, Gregorc Vrhovec arhitects, Slovenia<\/li>\n<li><strong>Energy efficient and healthy buildings,<br \/>\n<\/strong>Ne\u017ea Mo\u010dnik u.d.i.a., VELUX, Slovenia<\/li>\n<li><strong>Light for a healthy living environment<br \/>\n<\/strong>Dimitrij \u017divec, Intra lighting, Slovenia<\/li>\n<li><strong>Indoor air quality in closed spaces before taking measures to improve energy efficiency<br \/>\n<\/strong>Simon Muhi\u010d, Tatjana Muhi\u010d, INOVEKS, SIMUTEH, Slovenia<\/li>\n<li><strong>Natural gas replacement with hydrogen<br \/>\n<\/strong>Matja\u017e Perpar, Ur\u0161ka Mlakar, Uro\u0161 Stritih, University of Ljubljana, Faculty of Mechanical Engineering, Slovenia<\/li>\n<li><strong>Through heat pumps to carbon neutrality<br \/>\n<\/strong>Franc Marovt, Kronoterem d.o.o. \u00a0Slovenia<\/li>\n<\/ol>\n<p><strong>16.00-16.30 Break<\/strong><\/p>\n<p><span style=\"font-size: 14pt;color: #0066b3\"><strong><br \/>\n16.30 -18.30 Parallel sessions<\/strong><\/span><\/p>\n<p><strong><u><span style=\"font-size: 14pt;color: #0066b3\"><a id=\"sectiona2\"><\/a>SECTION A2 \u2013\u00a0Gas supply &#8211; a solution on the way to a low-carbon society<\/span><br \/>\n<\/u><\/strong><strong>Moderator: Dejan Koletnik<\/strong><\/p>\n<ol>\n<li><strong>Hydrogen and other renewable gases in the eu &#8211; development aspects \/ projects<br \/>\n<\/strong>Marko Iler\u0161i\u010d, Plinovodi, Slovenia<\/li>\n<\/ol>\n<ol start=\"2\">\n<li><strong>Network of energy self-sufficient hubs in Slovenia as a support for civil energy supply and hydrogen mobility<br \/>\n<\/strong>Colonel Robert \u0160ipec, Ministry of Defence of the Republic of Slovenia<br \/>\nToma\u017e Katra\u0161nik, Mitja Mori, University of Ljubljana, Faculty of Mechanical Engineering, Slovenia<\/li>\n<\/ol>\n<ol start=\"3\">\n<li><strong>Digital solutions in the field of gas transmission<br \/>\n<\/strong>Marko \u0160irovnik, Plinovodi, Slovenia<\/li>\n<li><strong>Presentation of the transmission system operators \u00bbview on the proposal of the new european directive and gas regulation\u00ab<br \/>\n<\/strong>Jo\u0161t \u0160trukelj, Plinovodi, Slovenia<\/li>\n<li><strong>Natural gas replacement with hydrogen<br \/>\n<\/strong>Andrej Senega\u010dnik, Mihael Sekav\u010dnik, Faculty of Mechanical Engineering, University of Ljubljana, Slovenia<\/li>\n<li><strong>Setting of the recognized regulated return on investment for system operators in relation to the efficiency of their investment<br \/>\n<\/strong>Vinko Nedelko, Energy Agency, Slovenia<\/li>\n<\/ol>\n<p><strong><u><span style=\"font-size: 14pt;color: #0066b3\"><a id=\"sectionb2\"><\/a>SECTION B2 \u2013 Heating, cooling, air conditioning and ventilation in buildings<\/span><br \/>\n<\/u><\/strong><strong>Moderator: Gregor Jegli\u010d<\/strong><\/p>\n<ol>\n<li><strong>WRG-thermo the innovative and energy efficent way of heat recovery<br \/>\n<\/strong>Florian Kraschitzer, S\u00dcDLUFT Systemtechnik GmbH, Germany<\/li>\n<li><strong>The S\u00dcDLUFT way of ventilation ceiling techniques<br \/>\n<\/strong>Bernd Marschnig, S\u00fcdluft Systemtechnik GmbH, Germany<\/li>\n<li><strong>Efficient methods for extracting odorous and polluted air from residential buildings<br \/>\n<\/strong>Andreas Weigl &amp; Alexander Haase, MSc. &#8211; LIMODOR L\u00fcftungstechnik GmbH &amp; Co KG; Leonding, Austria<\/li>\n<li><strong>Efficiently optimized axial car park fan<br \/>\n<\/strong>Oleh Bondarenko, ruck Ventilatoren GmbH, Germany<\/li>\n<li><strong>The new approach for effective design of an hydronic system<br \/>\n<\/strong>Luigi Rossettini, International Director AERMEC \/ AICARR member, Italy<\/li>\n<li><strong>Design and operation of air handling units with increased infection control requirements<br \/>\n<\/strong>Alexander Feichter, Euroclima AG, Italy<\/li>\n<\/ol>\n<p><strong>\u00a0<\/strong><\/p>\n<p><span style=\"font-size: 14pt\"><strong>20.00 Gala dinner<\/strong><\/span><\/p>\n<p><span style=\"font-size: 18pt;color: #0066b3\"><strong><u>Tuesday 7 Jun 2022<\/u><\/strong><\/span><\/p>\n<p><span style=\"font-size: 14pt;color: #0066b3\"><strong>9.00-11.00 Parallel sessions<\/strong><\/span><\/p>\n<p><strong><u><span style=\"font-size: 14pt;color: #0066b3\"><a id=\"sectiona3\"><\/a>SECTION A3 \u2013\u00a0RES, sustainable energy supply, digitalization<\/span><br \/>\n<\/u><\/strong><strong>Moderator: Amer Karabegovi\u0107<\/strong><\/p>\n<ol>\n<li><strong>Assessment of the renewable energy needs for energy-neutral and sustainable city districts<br \/>\n<\/strong>Sabina Jordan, Miha Juki\u0107, Jo\u017ee Hafner, Slovenian Building and Civil Engineering Institute, Slovenia<\/li>\n<li><strong>Monitoring of district heating and cooling systems performance indicators<br \/>\n<\/strong>Ale\u0161 \u017durga, Energy Agency, Slovenia<\/li>\n<li><strong>Digital twin with enriched reality<br \/>\n<\/strong>Igor Godec udie, company owner, PROF.EL d.o.o. Slovenia<\/li>\n<li><strong>Green transition of the defence sector<br \/>\n<\/strong>Colonel Robert \u0160ipec, Ministry of Defence of the Republic of Slovenia<\/li>\n<li><strong>Sustainable energy supply of Slovenj Gradec citizens with renevable sources<br \/>\n<\/strong>Nejc Koleri\u010d, ESOTECH, Slovenia<\/li>\n<li><strong>Comparison of district heating and hydrogen for building heat supply<br \/>\n<\/strong>Oddgeir Gudmundsson, Danfoss A\/S, Denmar<\/li>\n<\/ol>\n<p><strong><u><span style=\"font-size: 14pt;color: #0066b3\"><a id=\"sectionb3\"><\/a>SECTION B3 \u2013\u00a0District heating and cooling, RES<\/span><br \/>\n<\/u><\/strong><strong>Moderator: Petar Vasiljevi\u0107<\/strong><\/p>\n<ol>\n<li><strong>Energy self-supply of biomass centre Nazarje<br \/>\n<\/strong>David \u0160peh, Biomasa, Slovenia<\/li>\n<li><strong>Possibility of using renewables in district heating system of Novi Sad<br \/>\n<\/strong>Bojana Kosanovi\u0107; Aleksandra Luki\u0107; Du\u0161an Macura; Slobodan Subi\u0107; PUC \u201eNovosadska toplana\u201c Novi Sad, Serbia<\/li>\n<\/ol>\n<ol start=\"3\">\n<li><strong>Energy efficiency of district heating and cooling systems<br \/>\n<\/strong>Aleksander Trupej, Energy Agency, Slovenia<\/li>\n<li><strong>Changing the heating method in Murska Sobota<br \/>\n<\/strong>Drago Poto\u010dnik, Komunala, Murska Sobota, Uro\u0161 Klemen\u010di\u010d, Ou\u010dek, Slovenia<\/li>\n<\/ol>\n<ol start=\"5\">\n<li><strong>Possibility for integration of small-scale solar thermal instalation tu DH system \u2013 practical expirience of a demo site in Belgrade within the related project<br \/>\n<\/strong>Radmilo Savi\u0107, Ljubi\u0161a Vladi\u0107, Milo\u0161 Vuja\u0161evi\u0107, Vladimir Vojvodi\u0107, PUC \u201cBeogradske elektrane\u201d, Serbia<\/li>\n<\/ol>\n<ol start=\"6\">\n<li><strong>Local renewables as a tool for resilience and independence from market deviations and energy crisis<br \/>\n<\/strong>Dejan Jovisevic, Eko toplane Banja Luka, Bosnia and Herzegovina<\/li>\n<\/ol>\n<p><span style=\"font-size: 14pt\"><strong>11.00-11.40 Break<\/strong><\/span><\/p>\n<p><span style=\"font-size: 14pt;color: #0066b3\"><strong>11.40 -13.40 Parallel sessions<\/strong><\/span><\/p>\n<p><span style=\"font-size: 14pt;color: #0066b3\"><strong><u><a id=\"sectiona4\"><\/a>SECTION A4 \u2013 Theoretical and applied knowledge, electromobility<\/u><\/strong><\/span><strong><br \/>\n<\/strong><strong>Moderator: Andrej Kitanovski<\/strong><\/p>\n<ol>\n<li><strong>High-temperature thermal energy storage<br \/>\n<\/strong>Katja Vozel, Tom Sojer, Andrej Kitanovski, Faculty of Mechanical Engineering, University of Ljubljana, Slovenia<\/li>\n<li><strong>The uncertainty analysis of freeze drying using stochastic collocation method<br \/>\n<\/strong> Ram\u0161ak, B. Kamenik, M. Zadravec, J. Ravnik, M. Hriber\u0161ek, University of Maribor, Faculty of Mechanical Engineering, Slovenia<\/li>\n<li><strong>Sorption- and radiative cooling-based technologies: on the forefront of the energy-air-water nexus<br \/>\n<\/strong>Primo\u017e Poredo\u0161a, Faculty of Mechanical Engineering, University of Ljubljana Ruzhu Wang, Institute of Refrigeration and Cryogenics, Shanghai Jiao Tong University, Shanghai, China<\/li>\n<li><strong>Thermoelectric micro heat pump booster for low temperature district heating system<br \/>\n<\/strong> Tomc, S. Nosan, B. Vidrih, S. Bogi\u0107, K. Vozel, A. Kitanovski University of Ljubljana, Faculty of Mechanical Engineering, M. Bobi\u010d, Danfoss Trata, Slovenia<\/li>\n<li><strong>Electromobility has long ceased to be an electricity challenge<br \/>\n<\/strong>Damjan Stanek, Teja Cerar, Borzen, Slovenia<\/li>\n<li><strong>Ventilation of the operating rooms<br \/>\n<\/strong>Janez Kova\u010d Myint, AL-KO THERM, Slovenia<\/li>\n<\/ol>\n<p><span style=\"font-size: 14pt;color: #0066b3\"><strong><u><a id=\"sectionb4\"><\/a>SECTION B4 \u2013 Heat pumps, cooling systems<\/u><\/strong><\/span><br \/>\n<strong>Moderator: Dean Besednjak<\/strong><\/p>\n<ol>\n<li><strong>The production of domestic hot water with multipurpose heat pumps<br \/>\n<\/strong>Michele Vio, Energetic Consultant, AERMEC S.p.A. Italy<\/li>\n<li><strong>High-temperature heat pumps<br \/>\n<\/strong>Jure Korenjak, Katja Vozel, Katja Klinar, Andrej Kitanovski, Faculty of Mechanical Engineering, University of Ljubljana, Slovenia<\/li>\n<li><strong>Reduction of pumping energy in heat pumps systems<br \/>\n<\/strong>Michele Vio, Energetic Consultant, AERMEC S.p.A. Italy<\/li>\n<li><strong>Robur spa gas absorption heat pumps case histories in EU<br \/>\n<\/strong>Sini\u0161a \u0160\u0107epanovi\u0107, Robur SPA, Bergamo, Italy<\/li>\n<li><strong>Combining efficiency and reliability of heat pumps: correct sizing of hydraulic circuits<br \/>\n<\/strong>Michele Vio, Energetic Consultant, AERMEC S.p.A. Italy<\/li>\n<\/ol>\n<ol start=\"6\">\n<li><strong>Use of heat pumps in industrial processes<br \/>\n<\/strong>Luka Rednak, Kronoterem, Slovenia<\/li>\n<li><strong>European regulations on eco-design for chillers and heat pumps<br \/>\n<\/strong>Alessio Gattone, Technical Marketing Director, AERMEC S.p.A. Italy<\/li>\n<\/ol>\n<p><strong>\u00a0<\/strong><\/p>\n<p><span style=\"font-size: 14pt\"><strong>13.40\u00a0\u00a0Conference Closing<\/strong><\/span><\/p>\n<\/div><div class=\"fusion-clearfix\"><\/div><\/div><\/div><\/div><\/div>\n","protected":false},"excerpt":{"rendered":"","protected":false},"author":1,"featured_media":0,"parent":0,"menu_order":0,"comment_status":"closed","ping_status":"open","template":"","meta":{"_monsterinsights_skip_tracking":false,"_monsterinsights_sitenote_active":false,"_monsterinsights_sitenote_note":"","_monsterinsights_sitenote_category":0,"footnotes":""},"class_list":["post-11717","page","type-page","status-publish","hentry"],"yoast_head":"<!-- This site is optimized with the Yoast SEO plugin v27.3 - https:\/\/yoast.com\/product\/yoast-seo-wordpress\/ -->\n<title>Final programme SZE 2022 - Slovenian Energy Association<\/title>\n<meta name=\"description\" content=\"Final programme International conference of SZE 2022\" \/>\n<meta name=\"robots\" content=\"index, follow, max-snippet:-1, max-image-preview:large, max-video-preview:-1\" \/>\n<link rel=\"canonical\" href=\"https:\/\/www.sze.si\/en\/final-programme-2022\/\" \/>\n<meta property=\"og:locale\" content=\"en_US\" \/>\n<meta property=\"og:type\" content=\"article\" \/>\n<meta property=\"og:title\" content=\"Final programme SZE 2022 - Slovenian Energy Association\" \/>\n<meta property=\"og:description\" content=\"Final programme International conference of SZE 2022\" \/>\n<meta property=\"og:url\" content=\"https:\/\/www.sze.si\/en\/final-programme-2022\/\" \/>\n<meta property=\"og:site_name\" content=\"Slovenian Energy Association\" \/>\n<meta property=\"article:modified_time\" content=\"2022-05-31T20:01:10+00:00\" \/>\n<meta name=\"twitter:card\" content=\"summary_large_image\" \/>\n<meta name=\"twitter:label1\" content=\"Est. reading time\" \/>\n\t<meta name=\"twitter:data1\" content=\"6 minutes\" \/>\n<script type=\"application\/ld+json\" class=\"yoast-schema-graph\">{\"@context\":\"https:\\\/\\\/schema.org\",\"@graph\":[{\"@type\":\"WebPage\",\"@id\":\"https:\\\/\\\/www.sze.si\\\/en\\\/final-programme-2022\\\/\",\"url\":\"https:\\\/\\\/www.sze.si\\\/en\\\/final-programme-2022\\\/\",\"name\":\"Final programme SZE 2022 - Slovenian Energy Association\",\"isPartOf\":{\"@id\":\"https:\\\/\\\/www.sze.si\\\/en\\\/#website\"},\"datePublished\":\"2022-05-19T19:13:53+00:00\",\"dateModified\":\"2022-05-31T20:01:10+00:00\",\"description\":\"Final programme International conference of SZE 2022\",\"breadcrumb\":{\"@id\":\"https:\\\/\\\/www.sze.si\\\/en\\\/final-programme-2022\\\/#breadcrumb\"},\"inLanguage\":\"en-US\",\"potentialAction\":[{\"@type\":\"ReadAction\",\"target\":[\"https:\\\/\\\/www.sze.si\\\/en\\\/final-programme-2022\\\/\"]}]},{\"@type\":\"BreadcrumbList\",\"@id\":\"https:\\\/\\\/www.sze.si\\\/en\\\/final-programme-2022\\\/#breadcrumb\",\"itemListElement\":[{\"@type\":\"ListItem\",\"position\":1,\"name\":\"Home\",\"item\":\"https:\\\/\\\/www.sze.si\\\/en\\\/\"},{\"@type\":\"ListItem\",\"position\":2,\"name\":\"Final programme SZE 2022\"}]},{\"@type\":\"WebSite\",\"@id\":\"https:\\\/\\\/www.sze.si\\\/en\\\/#website\",\"url\":\"https:\\\/\\\/www.sze.si\\\/en\\\/\",\"name\":\"Slovensko zdru\u017eenje za energetiko\",\"description\":\"SZE\",\"publisher\":{\"@id\":\"https:\\\/\\\/www.sze.si\\\/en\\\/#organization\"},\"potentialAction\":[{\"@type\":\"SearchAction\",\"target\":{\"@type\":\"EntryPoint\",\"urlTemplate\":\"https:\\\/\\\/www.sze.si\\\/en\\\/?s={search_term_string}\"},\"query-input\":{\"@type\":\"PropertyValueSpecification\",\"valueRequired\":true,\"valueName\":\"search_term_string\"}}],\"inLanguage\":\"en-US\"},{\"@type\":\"Organization\",\"@id\":\"https:\\\/\\\/www.sze.si\\\/en\\\/#organization\",\"name\":\"Slovensko zdru\u017eenje za energetiko\",\"url\":\"https:\\\/\\\/www.sze.si\\\/en\\\/\",\"logo\":{\"@type\":\"ImageObject\",\"inLanguage\":\"en-US\",\"@id\":\"https:\\\/\\\/www.sze.si\\\/en\\\/#\\\/schema\\\/logo\\\/image\\\/\",\"url\":\"https:\\\/\\\/www.sze.si\\\/wp-content\\\/uploads\\\/2019\\\/02\\\/SZE_logo_230x77.png\",\"contentUrl\":\"https:\\\/\\\/www.sze.si\\\/wp-content\\\/uploads\\\/2019\\\/02\\\/SZE_logo_230x77.png\",\"width\":230,\"height\":77,\"caption\":\"Slovensko zdru\u017eenje za energetiko\"},\"image\":{\"@id\":\"https:\\\/\\\/www.sze.si\\\/en\\\/#\\\/schema\\\/logo\\\/image\\\/\"}}]}<\/script>\n<!-- \/ Yoast SEO plugin. -->","yoast_head_json":{"title":"Final programme SZE 2022 - Slovenian Energy Association","description":"Final programme International conference of SZE 2022","robots":{"index":"index","follow":"follow","max-snippet":"max-snippet:-1","max-image-preview":"max-image-preview:large","max-video-preview":"max-video-preview:-1"},"canonical":"https:\/\/www.sze.si\/en\/final-programme-2022\/","og_locale":"en_US","og_type":"article","og_title":"Final programme SZE 2022 - Slovenian Energy Association","og_description":"Final programme International conference of SZE 2022","og_url":"https:\/\/www.sze.si\/en\/final-programme-2022\/","og_site_name":"Slovenian Energy Association","article_modified_time":"2022-05-31T20:01:10+00:00","twitter_card":"summary_large_image","twitter_misc":{"Est. reading time":"6 minutes"},"schema":{"@context":"https:\/\/schema.org","@graph":[{"@type":"WebPage","@id":"https:\/\/www.sze.si\/en\/final-programme-2022\/","url":"https:\/\/www.sze.si\/en\/final-programme-2022\/","name":"Final programme SZE 2022 - Slovenian Energy Association","isPartOf":{"@id":"https:\/\/www.sze.si\/en\/#website"},"datePublished":"2022-05-19T19:13:53+00:00","dateModified":"2022-05-31T20:01:10+00:00","description":"Final programme International conference of SZE 2022","breadcrumb":{"@id":"https:\/\/www.sze.si\/en\/final-programme-2022\/#breadcrumb"},"inLanguage":"en-US","potentialAction":[{"@type":"ReadAction","target":["https:\/\/www.sze.si\/en\/final-programme-2022\/"]}]},{"@type":"BreadcrumbList","@id":"https:\/\/www.sze.si\/en\/final-programme-2022\/#breadcrumb","itemListElement":[{"@type":"ListItem","position":1,"name":"Home","item":"https:\/\/www.sze.si\/en\/"},{"@type":"ListItem","position":2,"name":"Final programme SZE 2022"}]},{"@type":"WebSite","@id":"https:\/\/www.sze.si\/en\/#website","url":"https:\/\/www.sze.si\/en\/","name":"Slovensko zdru\u017eenje za energetiko","description":"SZE","publisher":{"@id":"https:\/\/www.sze.si\/en\/#organization"},"potentialAction":[{"@type":"SearchAction","target":{"@type":"EntryPoint","urlTemplate":"https:\/\/www.sze.si\/en\/?s={search_term_string}"},"query-input":{"@type":"PropertyValueSpecification","valueRequired":true,"valueName":"search_term_string"}}],"inLanguage":"en-US"},{"@type":"Organization","@id":"https:\/\/www.sze.si\/en\/#organization","name":"Slovensko zdru\u017eenje za energetiko","url":"https:\/\/www.sze.si\/en\/","logo":{"@type":"ImageObject","inLanguage":"en-US","@id":"https:\/\/www.sze.si\/en\/#\/schema\/logo\/image\/","url":"https:\/\/www.sze.si\/wp-content\/uploads\/2019\/02\/SZE_logo_230x77.png","contentUrl":"https:\/\/www.sze.si\/wp-content\/uploads\/2019\/02\/SZE_logo_230x77.png","width":230,"height":77,"caption":"Slovensko zdru\u017eenje za energetiko"},"image":{"@id":"https:\/\/www.sze.si\/en\/#\/schema\/logo\/image\/"}}]}},"_links":{"self":[{"href":"https:\/\/www.sze.si\/en\/wp-json\/wp\/v2\/pages\/11717","targetHints":{"allow":["GET"]}}],"collection":[{"href":"https:\/\/www.sze.si\/en\/wp-json\/wp\/v2\/pages"}],"about":[{"href":"https:\/\/www.sze.si\/en\/wp-json\/wp\/v2\/types\/page"}],"author":[{"embeddable":true,"href":"https:\/\/www.sze.si\/en\/wp-json\/wp\/v2\/users\/1"}],"replies":[{"embeddable":true,"href":"https:\/\/www.sze.si\/en\/wp-json\/wp\/v2\/comments?post=11717"}],"version-history":[{"count":4,"href":"https:\/\/www.sze.si\/en\/wp-json\/wp\/v2\/pages\/11717\/revisions"}],"predecessor-version":[{"id":11786,"href":"https:\/\/www.sze.si\/en\/wp-json\/wp\/v2\/pages\/11717\/revisions\/11786"}],"wp:attachment":[{"href":"https:\/\/www.sze.si\/en\/wp-json\/wp\/v2\/media?parent=11717"}],"curies":[{"name":"wp","href":"https:\/\/api.w.org\/{rel}","templated":true}]}}